{"id":95,"date":"2022-01-27T10:58:29","date_gmt":"2022-01-27T10:58:29","guid":{"rendered":"http:\/\/cognito.mprinsdesign.nl\/?page_id=95"},"modified":"2024-01-12T16:48:18","modified_gmt":"2024-01-12T16:48:18","slug":"kompleks","status":"publish","type":"page","link":"https:\/\/marbella-dunes.com\/pl\/kompleks\/","title":{"rendered":"Dunique Marbella"},"content":{"rendered":"<section class=\"wpb-content-wrapper\"><div  class=\"content_row row page-content vc_row wpb_row  default-style fullwidth\" >\n\t\n\t<div class=\"content_row_wrapper  default\" >\n\t<div id=\"asdasd\" class=\"vc_col-sm-12 wpb_column vc_column_container\" >\n\t<div class=\"vc_column-inner\">\n\t\t<div class=\"wpb_wrapper\" >\n\t\t\t<div class=\"rt_heading_wrapper no-style\">\n\t\t\t\t\t\t<h1 class=\"rt_heading  no-style\"  style=\"font-size:24px;margin-top:24px;margin-bottom:0px;\">Dunique Marbella \u2013 <\/h1> \n\t\t\t\t\t<\/div><div class=\"vc_empty_space\"   style=\"height: 32px\"><span class=\"vc_empty_space_inner\"><\/span><\/div><div class=\"vc_separator wpb_content_element vc_separator_align_center vc_sep_width_100 vc_sep_style-4 vc_sep_pos_align_center vc_separator_no_text vc_sep_color_grey\" ><span class=\"vc_sep_holder vc_sep_holder_l\"><span class=\"vc_sep_line\"><\/span><\/span><span class=\"vc_sep_holder vc_sep_holder_r\"><span class=\"vc_sep_line\"><\/span><\/span>\n<\/div><div class=\"vc_empty_space\"   style=\"height: 32px\"><span class=\"vc_empty_space_inner\"><\/span><\/div>\n\t<div class=\"wpb_text_column wpb_content_element\" >\n\t\t<div class=\"wpb_wrapper\">\n\t\t\t<div class=\"\">\n<p><strong><em>Dunique Marbella\u00a0<\/em><\/strong><\/p>\n<p style=\"font-weight: 400;\">Kompleks wybudowany zosta\u0142 w stylu awangardowej architektury i wyko\u0144czony materia\u0142ami o najwy\u017cszych standardach jako\u015bci. Tutaj mo\u017cesz cieszy\u0107 si\u0119 wspania\u0142ymi hiszpa\u0144skimi temperaturami w pe\u0142nym luksusie. Zim\u0105 utrzymuje si\u0119 na poziomie oko\u0142o 16\u00b0C, a latem temperatury si\u0119gaj\u0105 25-30\u00b0C, wi\u0119c nigdy nie jest za zimno ani za gor\u0105co!<\/p>\n<p style=\"font-weight: 400;\">Projekt b\u0119dzie si\u0119 sk\u0142ada\u0142 z szeregowych willi z 3 sypialniami oraz luksusowych apartament\u00f3w z 2 i 3 sypialniami oraz penthouse&#039;\u00f3w. Ceny pochodz\u0105 z<strong> 1,8 mln euro<\/strong> za domy w zabudowie szeregowej i od 2 mln za luksusowe apartamenty.<\/p>\n<p style=\"font-weight: 400;\">W ramach projektu znajduj\u0105 si\u0119: Social Club, nowoczesna si\u0142ownia o powierzchni 200 m\u00b2, sala do jogi i medytacji, spa, p\u0142ywaj\u0105cy basen infinity, strefa coworkingowa, stacja \u0142adowania samochod\u00f3w elektrycznych przy ka\u017cdym domu, dwa baseny, ca\u0142odobowa ochrona, Bream certyfikaty energetyczne i w\u00f3zki elektryczne.<\/p>\n<p style=\"font-weight: 400;\">Wszystkie domy obejmuj\u0105; ogrzewanie pod\u0142ogowe, w pe\u0142ni wyposa\u017cone kuchnie i \u0142azienki, 2 miejsca postojowe i kom\u00f3rka lokatorska, punkt \u0142adowania samochod\u00f3w elektrycznych.<\/p>\n<p style=\"font-weight: 400;\">Ostatni nowy kompleks budowlany wybudowany na Costa del Sol powsta\u0142 we wschodniej Esteponie. Ceny tych apartament\u00f3w bezpo\u015brednio przy pla\u017cy zaczyna\u0142y si\u0119 od 2,3 miliona euro na pocz\u0105tku budowy oko\u0142o 5 lat temu, a po uko\u0144czeniu ostatnie mieszkania zosta\u0142y sprzedane za oko\u0142o 3,1 miliona euro. Spodziewamy si\u0119 podobnych podwy\u017cek cen w Marbella Beach, bior\u0105c pod uwag\u0119 wyj\u0105tkow\u0105 lokalizacj\u0119 pla\u017cy w Marbelli.<\/p>\n<p style=\"font-weight: 400;\"><strong>Domy bli\u017aniacze<\/strong><br \/>\nDomy szeregowe z w\u0142asnym basenem znajduj\u0105 si\u0119 w fazach A3 i A4 i domy te b\u0119d\u0105 mia\u0142y powierzchni\u0119 mieszkaln\u0105 od 412 do 641 m\u00b2 z tarasami od 180 do 289 m\u00b2 oraz ogrodem od 76 do 139 m\u00b2. Wszystkie te wille maj\u0105 piwnic\u0119 z naturalnym \u015bwiat\u0142em dziennym. Orientacja po\u0142udniowo-zachodnia z cenami od 2 950 000 milion\u00f3w euro.<\/p>\n<p style=\"font-weight: 400;\"><strong>Luksusowe apartamenty<\/strong><br \/>\nLuksusowe apartamenty i penthousy z 2 i 3 sypialniami zlokalizowane s\u0105 w fazach B2, B3 i B4 i zostan\u0105 wybudowane o powierzchni od 300 do 516 m2 z tarasami o powierzchni od 197 do 277 m2. Orientacja po\u0142udniowo-wschodnia z cenami od 2 625 000 milion\u00f3w euro.<\/p>\n<p><strong>Ceny ze stycznia 2024 r<\/strong><\/p>\n<p><em>Apartamenty i penthousy Dunique Marbella<\/em><\/p>\n<ul>\n<li>3 sypialnie<\/li>\n<li>2 lub 3 \u0142azienki<\/li>\n<li>powierzchnia od 204 m3 do 293 m2<\/li>\n<li>przedzia\u0142 cenowy od 2 625 000 EUR do 4 830 000 EUR<\/li>\n<\/ul>\n<p><em>Po\u0142\u0105czone wille Dunique Marbella<\/em><\/p>\n<ul>\n<li>3 lub 4 sypialnie<\/li>\n<li>3 lub 4 \u0142azienki<\/li>\n<li>powierzchnia od 317 m3 do 335 m2<\/li>\n<li>przedzia\u0142 cenowy od 2 950 000 \u20ac do 3 565,00 \u20ac<\/li>\n<\/ul>\n<p><a href=\"https:\/\/marbella-dunes.com\/pl\/meer-info\/\"><strong>Popro\u015b o broszur\u0119 z najnowszym cennikiem &gt;&gt;&gt;<\/strong><\/a><\/p>\n<p style=\"font-weight: 400;\"><strong>\u015arodowisko<\/strong><br \/>\nDunique Marbella to pi\u0119kny i wyj\u0105tkowy nowo wybudowany kompleks na pla\u017cy w pobli\u017cu Marbelli. Ostatni kompleks, po\u0142o\u017cony przy pla\u017cy Marbella East, powsta\u0142 w 2000 roku i od tego czasu nie powsta\u0142 \u017caden nowy kompleks ze wzgl\u0119du na brak miejsca. Pla\u017ca we wschodniej Marbelli jest jedn\u0105 z najpi\u0119kniejszych piaszczystych pla\u017c w Marbelli z wieloma przytulnymi restauracjami przy pla\u017cy, takimi jak Beach House w Elvirii i wieloma 5-gwiazdkowymi hotelami, takimi jak Don Carlos Hotel i Los Monteros Hotel. Kr\u00f3tko m\u00f3wi\u0105c, topowa lokalizacja.<\/p>\n<p style=\"font-weight: 400;\">Po\u0142o\u017cony obok Marbelli, w pi\u0119knym krajobrazie wydm, ale to nie wszystko! W okolicy znajduj\u0105 si\u0119 tak\u017ce dwa parki narodowe, w kt\u00f3rych mo\u017cna cieszy\u0107 si\u0119 przyrod\u0105. Po tym relaksuj\u0105cym spacerze mo\u017cesz zje\u015b\u0107 pyszny posi\u0142ek. W pobli\u017cu i w Marbelli jest du\u017cy wyb\u00f3r lokali gastronomicznych. Nawet je\u015bli nie masz ochoty wraca\u0107 do domu, w Marbelli jest mn\u00f3stwo do zrobienia.<\/p>\n<\/div>\n\n\t\t<\/div>\n\t<\/div>\n\n\t\t<\/div>\n\t<\/div>\n\t<\/div>\n\n<\/div>\n<\/div>\n\n<div  class=\"content_row row quote-row vc_row wpb_row  default-style fullwidth\" style=\"background-color: #fcfcfc;\">\n\t\n\t<div class=\"content_row_wrapper  fullwidth\" >\n\t<div id=\"asdasd\" class=\"vc_col-sm-12 wpb_column vc_column_container vc_custom_1644925648982\" >\n\t<div class=\"vc_column-inner\">\n\t\t<div class=\"wpb_wrapper\" >\n\t\t\t<div class=\"rt_heading_wrapper style-3\">\n\t\t\t\t\t\t<h4 class=\"rt_heading serif quote-max-width style-3\" >Przegl\u0105daj tak\u017ce wirtualne wycieczki za pomoc\u0105 poni\u017cszych przycisk\u00f3w<\/h4> \n\t\t\t\t\t<\/div>\n<div  class=\"content_row row vc_row vc_inner vc_row-fluid global-style fullwidth\" >\n\t\n\t<div class=\"content_row_wrapper  default\" ><div class=\"vc_col-sm-6 wpb_column vc_column_container\" >\n\t<div class=\"vc_column-inner\" style=\"padding-top:12px;padding-bottom:12px;padding-left:12px;padding-right:12px;\">\n\t\t<div class=\"wpb_wrapper\" >\n\t\t\t<div class=\"button_wrapper aligncenter\"><a  href=\"\/pl\/dunique-marbella-willa-wirtualna-wycieczka\/\" target=\"_self\" title=\"Wirtualna wycieczka po willi\" class=\"button_ virtual-tour-button style-2 small\">Wirtualna podr\u00f3\u017c<br \/>\nWilla<\/a><\/div>\n\n\t\t<\/div>\n\t<\/div>\n\t<\/div>\n\n\t<div class=\"vc_col-sm-6 wpb_column vc_column_container\" >\n\t<div class=\"vc_column-inner\" style=\"padding-top:12px;padding-bottom:12px;padding-left:12px;padding-right:12px;\">\n\t\t<div class=\"wpb_wrapper\" >\n\t\t\t<div class=\"button_wrapper aligncenter\"><a  href=\"\/pl\/dunique-marbella-penthous-suite-wirtualna-wycieczka\/\" target=\"_self\" title=\"Wirtualna wycieczka po apartamencie\" class=\"button_ virtual-tour-button style-2 small\">Wirtualna podr\u00f3\u017c<br \/>\nDaszek<\/a><\/div>\n\n\t\t<\/div>\n\t<\/div>\n\t<\/div>\n\n\t<div class=\"vc_col-sm-12 wpb_column vc_column_container\" >\n\t<div class=\"vc_column-inner\">\n\t\t<div class=\"wpb_wrapper\" >\n\t\t\t\n\t<div class=\"wpb_raw_code wpb_content_element wpb_raw_html\" >\n\t\t<div class=\"wpb_wrapper\">\n\t\t\t<style>\n  .virtual-tour-button {\n    text-align: center; \n  }\n<\/style>\n\t\t<\/div>\n\t<\/div>\n\n\n\t\t<\/div>\n\t<\/div>\n\t<\/div>\n<\/div>\n<\/div>\n\n\t\t<\/div>\n\t<\/div>\n\t<\/div>\n\n<\/div>\n<\/div>\n\n<div  class=\"content_row row page-content vc_row wpb_row  default-style fullwidth\" style=\"background-color: #bbac8c;\">\n\t\n\t<div class=\"content_row_wrapper  default\" >\n\t<div id=\"asdasd\" class=\"vc_col-sm-12 wpb_column vc_column_container\" >\n\t<div class=\"vc_column-inner\">\n\t\t<div class=\"wpb_wrapper\" >\n\t\t\t<div class=\"rt_heading_wrapper no-style\">\n\t\t\t\t\t\t<h1 class=\"rt_heading  no-style\"  style=\"font-size:24px;margin-top:24px;margin-bottom:0px;\">Cechy - <span class=\"after_h1 white\">Dunique Marbella<\/span><\/h1> \n\t\t\t\t\t<\/div><div class=\"vc_empty_space\"   style=\"height: 32px\"><span class=\"vc_empty_space_inner\"><\/span><\/div><div class=\"vc_separator wpb_content_element vc_separator_align_center vc_sep_width_100 vc_sep_style-4 vc_sep_pos_align_center vc_separator_no_text vc_sep_color_grey\" ><span class=\"vc_sep_holder vc_sep_holder_l\"><span class=\"vc_sep_line\"><\/span><\/span><span class=\"vc_sep_holder vc_sep_holder_r\"><span class=\"vc_sep_line\"><\/span><\/span>\n<\/div>\n\t<div class=\"wpb_text_column wpb_content_element\" >\n\t\t<div class=\"wpb_wrapper\">\n\t\t\t\t \n\t\t<div  class=\"bullet-list style-1  check\">\n\t\t<ul>\n<li>luksusowe apartamenty i penthousy<\/li>\n<li>2 i 3 sypialnie<\/li>\n<li>na pla\u017cy w Marbelli<\/li>\n<li>wyko\u0144czenie materia\u0142ami wysokiej jako\u015bci<\/li>\n<li>Klub towarzyski, si\u0142ownia artystyczna, basen do jogi, strefa coworkingowa<\/li>\n<li>ceny od 2 950 000 \u20ac<\/li>\n<\/ul>\n\n\t\t<\/div>\n\t\n\n\t\t<\/div>\n\t<\/div>\n\n\t\t<\/div>\n\t<\/div>\n\t<\/div>\n\n<\/div>\n<\/div>\n\n<div  class=\"content_row row vc_row wpb_row  default-style fullwidth\" >\n\t\n\t<div class=\"content_row_wrapper  default\" >\n\t<div id=\"asdasd\" class=\"vc_col-sm-12 wpb_column vc_column_container\" >\n\t<div class=\"vc_column-inner\">\n\t\t<div class=\"wpb_wrapper\" >\n\t\t\t<div class=\"vc_empty_space\"   style=\"height: 32px\"><span class=\"vc_empty_space_inner\"><\/span><\/div>\n\t\t<\/div>\n\t<\/div>\n\t<\/div>\n\n<\/div>\n<\/div>\n<\/section>","protected":false},"excerpt":{"rendered":"<p>\u2026 <a class=\"more-link\" href=\"https:\/\/marbella-dunes.com\/pl\/kompleks\/\">Kontynuuj czytanie<\/a><\/p>","protected":false},"author":1,"featured_media":4310,"parent":0,"menu_order":3,"comment_status":"closed","ping_status":"closed","template":"","meta":{"footnotes":""},"class_list":["post-95","page","type-page","status-publish","has-post-thumbnail","hentry"],"yoast_head":"<!-- This site is optimized with the Yoast SEO plugin v26.0 - https:\/\/yoast.com\/wordpress\/plugins\/seo\/ -->\n<title>Dunique Marbella - Dunique Marbella<\/title>\n<meta name=\"robots\" content=\"index, follow, max-snippet:-1, max-image-preview:large, max-video-preview:-1\" \/>\n<link rel=\"canonical\" href=\"https:\/\/marbella-dunes.com\/pl\/kompleks\/\" \/>\n<meta property=\"og:locale\" content=\"pl_PL\" \/>\n<meta property=\"og:type\" content=\"article\" \/>\n<meta property=\"og:title\" content=\"Dunique Marbella - Dunique Marbella\" \/>\n<meta property=\"og:url\" content=\"https:\/\/marbella-dunes.com\/pl\/kompleks\/\" \/>\n<meta property=\"og:site_name\" content=\"Dunique Marbella\" \/>\n<meta property=\"article:modified_time\" content=\"2024-01-12T16:48:18+00:00\" \/>\n<meta property=\"og:image\" content=\"https:\/\/marbella-dunes.com\/wp-content\/uploads\/sites\/34\/2024\/01\/penthouses-gardenapartments-El-Barronal_CAMARA15_HD-1-1-1-1.jpg\" \/>\n\t<meta property=\"og:image:width\" content=\"1885\" \/>\n\t<meta property=\"og:image:height\" content=\"943\" \/>\n\t<meta property=\"og:image:type\" content=\"image\/jpeg\" \/>\n<meta name=\"twitter:card\" content=\"summary_large_image\" \/>\n<meta name=\"twitter:label1\" content=\"Szacowany czas czytania\" \/>\n\t<meta name=\"twitter:data1\" content=\"5 minut\" \/>\n<script type=\"application\/ld+json\" class=\"yoast-schema-graph\">{\"@context\":\"https:\/\/schema.org\",\"@graph\":[{\"@type\":\"WebPage\",\"@id\":\"https:\/\/marbella-dunes.com\/het-complex\/\",\"url\":\"https:\/\/marbella-dunes.com\/het-complex\/\",\"name\":\"Dunique Marbella - Dunique Marbella\",\"isPartOf\":{\"@id\":\"https:\/\/marbella-dunes.com\/#website\"},\"primaryImageOfPage\":{\"@id\":\"https:\/\/marbella-dunes.com\/het-complex\/#primaryimage\"},\"image\":{\"@id\":\"https:\/\/marbella-dunes.com\/het-complex\/#primaryimage\"},\"thumbnailUrl\":\"https:\/\/marbella-dunes.com\/wp-content\/uploads\/sites\/34\/2024\/01\/penthouses-gardenapartments-El-Barronal_CAMARA15_HD-1-1-1-1.jpg\",\"datePublished\":\"2022-01-27T10:58:29+00:00\",\"dateModified\":\"2024-01-12T16:48:18+00:00\",\"breadcrumb\":{\"@id\":\"https:\/\/marbella-dunes.com\/het-complex\/#breadcrumb\"},\"inLanguage\":\"pl-PL\",\"potentialAction\":[{\"@type\":\"ReadAction\",\"target\":[\"https:\/\/marbella-dunes.com\/het-complex\/\"]}]},{\"@type\":\"ImageObject\",\"inLanguage\":\"pl-PL\",\"@id\":\"https:\/\/marbella-dunes.com\/het-complex\/#primaryimage\",\"url\":\"https:\/\/marbella-dunes.com\/wp-content\/uploads\/sites\/34\/2024\/01\/penthouses-gardenapartments-El-Barronal_CAMARA15_HD-1-1-1-1.jpg\",\"contentUrl\":\"https:\/\/marbella-dunes.com\/wp-content\/uploads\/sites\/34\/2024\/01\/penthouses-gardenapartments-El-Barronal_CAMARA15_HD-1-1-1-1.jpg\",\"width\":1885,\"height\":943},{\"@type\":\"BreadcrumbList\",\"@id\":\"https:\/\/marbella-dunes.com\/het-complex\/#breadcrumb\",\"itemListElement\":[{\"@type\":\"ListItem\",\"position\":1,\"name\":\"Home\",\"item\":\"https:\/\/marbella-dunes.com\/\"},{\"@type\":\"ListItem\",\"position\":2,\"name\":\"Dunique Marbella\"}]},{\"@type\":\"WebSite\",\"@id\":\"https:\/\/marbella-dunes.com\/#website\",\"url\":\"https:\/\/marbella-dunes.com\/\",\"name\":\"Dunique Marbella\",\"description\":\"\",\"potentialAction\":[{\"@type\":\"SearchAction\",\"target\":{\"@type\":\"EntryPoint\",\"urlTemplate\":\"https:\/\/marbella-dunes.com\/?s={search_term_string}\"},\"query-input\":{\"@type\":\"PropertyValueSpecification\",\"valueRequired\":true,\"valueName\":\"search_term_string\"}}],\"inLanguage\":\"pl-PL\"}]}<\/script>\n<!-- \/ Yoast SEO plugin. -->","yoast_head_json":{"title":"Dunique Marbella - Dunique Marbella","robots":{"index":"index","follow":"follow","max-snippet":"max-snippet:-1","max-image-preview":"max-image-preview:large","max-video-preview":"max-video-preview:-1"},"canonical":"https:\/\/marbella-dunes.com\/pl\/kompleks\/","og_locale":"pl_PL","og_type":"article","og_title":"Dunique Marbella - Dunique Marbella","og_url":"https:\/\/marbella-dunes.com\/pl\/kompleks\/","og_site_name":"Dunique Marbella","article_modified_time":"2024-01-12T16:48:18+00:00","og_image":[{"width":1885,"height":943,"url":"https:\/\/marbella-dunes.com\/wp-content\/uploads\/sites\/34\/2024\/01\/penthouses-gardenapartments-El-Barronal_CAMARA15_HD-1-1-1-1.jpg","type":"image\/jpeg"}],"twitter_card":"summary_large_image","twitter_misc":{"Szacowany czas czytania":"5 minut"},"schema":{"@context":"https:\/\/schema.org","@graph":[{"@type":"WebPage","@id":"https:\/\/marbella-dunes.com\/het-complex\/","url":"https:\/\/marbella-dunes.com\/het-complex\/","name":"Dunique Marbella - Dunique Marbella","isPartOf":{"@id":"https:\/\/marbella-dunes.com\/#website"},"primaryImageOfPage":{"@id":"https:\/\/marbella-dunes.com\/het-complex\/#primaryimage"},"image":{"@id":"https:\/\/marbella-dunes.com\/het-complex\/#primaryimage"},"thumbnailUrl":"https:\/\/marbella-dunes.com\/wp-content\/uploads\/sites\/34\/2024\/01\/penthouses-gardenapartments-El-Barronal_CAMARA15_HD-1-1-1-1.jpg","datePublished":"2022-01-27T10:58:29+00:00","dateModified":"2024-01-12T16:48:18+00:00","breadcrumb":{"@id":"https:\/\/marbella-dunes.com\/het-complex\/#breadcrumb"},"inLanguage":"pl-PL","potentialAction":[{"@type":"ReadAction","target":["https:\/\/marbella-dunes.com\/het-complex\/"]}]},{"@type":"ImageObject","inLanguage":"pl-PL","@id":"https:\/\/marbella-dunes.com\/het-complex\/#primaryimage","url":"https:\/\/marbella-dunes.com\/wp-content\/uploads\/sites\/34\/2024\/01\/penthouses-gardenapartments-El-Barronal_CAMARA15_HD-1-1-1-1.jpg","contentUrl":"https:\/\/marbella-dunes.com\/wp-content\/uploads\/sites\/34\/2024\/01\/penthouses-gardenapartments-El-Barronal_CAMARA15_HD-1-1-1-1.jpg","width":1885,"height":943},{"@type":"BreadcrumbList","@id":"https:\/\/marbella-dunes.com\/het-complex\/#breadcrumb","itemListElement":[{"@type":"ListItem","position":1,"name":"Home","item":"https:\/\/marbella-dunes.com\/"},{"@type":"ListItem","position":2,"name":"Dunique Marbella"}]},{"@type":"WebSite","@id":"https:\/\/marbella-dunes.com\/#website","url":"https:\/\/marbella-dunes.com\/","name":"Dunique Marbella","description":"","potentialAction":[{"@type":"SearchAction","target":{"@type":"EntryPoint","urlTemplate":"https:\/\/marbella-dunes.com\/?s={search_term_string}"},"query-input":{"@type":"PropertyValueSpecification","valueRequired":true,"valueName":"search_term_string"}}],"inLanguage":"pl-PL"}]}},"_links":{"self":[{"href":"https:\/\/marbella-dunes.com\/pl\/wp-json\/wp\/v2\/pages\/95","targetHints":{"allow":["GET"]}}],"collection":[{"href":"https:\/\/marbella-dunes.com\/pl\/wp-json\/wp\/v2\/pages"}],"about":[{"href":"https:\/\/marbella-dunes.com\/pl\/wp-json\/wp\/v2\/types\/page"}],"author":[{"embeddable":true,"href":"https:\/\/marbella-dunes.com\/pl\/wp-json\/wp\/v2\/users\/1"}],"replies":[{"embeddable":true,"href":"https:\/\/marbella-dunes.com\/pl\/wp-json\/wp\/v2\/comments?post=95"}],"version-history":[{"count":81,"href":"https:\/\/marbella-dunes.com\/pl\/wp-json\/wp\/v2\/pages\/95\/revisions"}],"predecessor-version":[{"id":4364,"href":"https:\/\/marbella-dunes.com\/pl\/wp-json\/wp\/v2\/pages\/95\/revisions\/4364"}],"wp:featuredmedia":[{"embeddable":true,"href":"https:\/\/marbella-dunes.com\/pl\/wp-json\/wp\/v2\/media\/4310"}],"wp:attachment":[{"href":"https:\/\/marbella-dunes.com\/pl\/wp-json\/wp\/v2\/media?parent=95"}],"curies":[{"name":"wp","href":"https:\/\/api.w.org\/{rel}","templated":true}]}}