{"id":95,"date":"2022-01-27T10:58:29","date_gmt":"2022-01-27T10:58:29","guid":{"rendered":"http:\/\/cognito.mprinsdesign.nl\/?page_id=95"},"modified":"2024-01-12T16:48:18","modified_gmt":"2024-01-12T16:48:18","slug":"le-complexe","status":"publish","type":"page","link":"https:\/\/marbella-dunes.com\/fr\/le-complexe\/","title":{"rendered":"Dunique Marbella"},"content":{"rendered":"<section class=\"wpb-content-wrapper\"><div  class=\"content_row row page-content vc_row wpb_row  default-style fullwidth\" >\n\t\n\t<div class=\"content_row_wrapper  default\" >\n\t<div id=\"asdasd\" class=\"vc_col-sm-12 wpb_column vc_column_container\" >\n\t<div class=\"vc_column-inner\">\n\t\t<div class=\"wpb_wrapper\" >\n\t\t\t<div class=\"rt_heading_wrapper no-style\">\n\t\t\t\t\t\t<h1 class=\"rt_heading  no-style\"  style=\"font-size:24px;margin-top:24px;margin-bottom:0px;\">Dunique Marbella \u2013 <\/h1> \n\t\t\t\t\t<\/div><div class=\"vc_empty_space\"   style=\"height: 32px\"><span class=\"vc_empty_space_inner\"><\/span><\/div><div class=\"vc_separator wpb_content_element vc_separator_align_center vc_sep_width_100 vc_sep_style-4 vc_sep_pos_align_center vc_separator_no_text vc_sep_color_grey\" ><span class=\"vc_sep_holder vc_sep_holder_l\"><span class=\"vc_sep_line\"><\/span><\/span><span class=\"vc_sep_holder vc_sep_holder_r\"><span class=\"vc_sep_line\"><\/span><\/span>\n<\/div><div class=\"vc_empty_space\"   style=\"height: 32px\"><span class=\"vc_empty_space_inner\"><\/span><\/div>\n\t<div class=\"wpb_text_column wpb_content_element\" >\n\t\t<div class=\"wpb_wrapper\">\n\t\t\t<div class=\"\">\n<p><strong><em>Dunique Marbella\u00a0<\/em><\/strong><\/p>\n<p style=\"font-weight: 400;\">Le complexe a \u00e9t\u00e9 construit selon une architecture d&#039;avant-garde et fini avec des mat\u00e9riaux des plus hauts standards de qualit\u00e9. Ici, vous pourrez profiter des merveilleuses temp\u00e9ratures espagnoles dans le luxe le plus complet. En hiver, la temp\u00e9rature reste autour de 16 \u00b0C et en \u00e9t\u00e9, les temp\u00e9ratures montent jusqu&#039;\u00e0 25-30 \u00b0C, donc jamais trop froid ni trop chaud !<\/p>\n<p style=\"font-weight: 400;\">Le projet comprendra des villas mitoyennes de 3 chambres et des appartements et penthouses de luxe de 2 et 3 chambres. Les prix sont \u00e0 partir de<strong> 1,8 millions d&#039;euros<\/strong> pour les maisons mitoyennes et de 2 millions pour les appartements de luxe.<\/p>\n<p style=\"font-weight: 400;\">Le projet comprend : Social Club, salle de sport ultramoderne de 200 m\u00b2, salle de yoga et de m\u00e9ditation, spa, piscine flottante \u00e0 d\u00e9bordement, espace de coworking, borne de recharge pour voitures \u00e9lectriques dans chaque logement, deux piscines, s\u00e9curit\u00e9 24h\/24, Bream certificats \u00e9nerg\u00e9tiques et poussettes \u00e9lectriques.<\/p>\n<p style=\"font-weight: 400;\">Toutes les maisons comprennent\u00a0: chauffage au sol, cuisines et salles de bains enti\u00e8rement \u00e9quip\u00e9es, 2 places de parking et d\u00e9barras, borne de recharge pour voitures \u00e9lectriques.<\/p>\n<p style=\"font-weight: 400;\">Le dernier nouveau complexe de construction construit sur la Costa del Sol se trouvait \u00e0 l&#039;est d&#039;Estepona. Les prix de ces appartements directement sur la plage ont commenc\u00e9 \u00e0 2,3 millions d&#039;euros au d\u00e9but de la construction il y a environ 5 ans et une fois termin\u00e9s, les derni\u00e8res unit\u00e9s ont \u00e9t\u00e9 vendues pour environ 3,1 millions d&#039;euros. Nous nous attendons \u00e0 des augmentations de prix similaires \u00e0 la plage de Marbella, \u00e9tant donn\u00e9 l\u2019emplacement unique de la plage de Marbella.<\/p>\n<p style=\"font-weight: 400;\"><strong>Maisons jumel\u00e9es<\/strong><br \/>\nLes maisons mitoyennes avec leur propre piscine sont situ\u00e9es en phases A3 et A4 et ces maisons auront une surface habitable comprise entre 412 et 641 m\u00b2 avec des terrasses de 180 \u00e0 289 m\u00b2 plus un jardin entre 76 et 139 m\u00b2. Ces villas disposent toutes d&#039;un sous-sol avec lumi\u00e8re naturelle. Orientation sud-ouest avec des prix \u00e0 partir de 2 950 000 millions d&#039;euros.<\/p>\n<p style=\"font-weight: 400;\"><strong>Appartements de luxe<\/strong><br \/>\nLes appartements et penthouses de luxe de 2 et 3 chambres sont situ\u00e9s dans les phases B2, B3 et B4 et seront construits entre 300 et 516 m2 avec des terrasses entre 197 et 277 m2. Orientation sud-est avec des prix \u00e0 partir de 2 625 000 millions d&#039;euros.<\/p>\n<p><strong>Tarifs janvier 2024<\/strong><\/p>\n<p><em>Appartements et Penthouses Dunique Marbella<\/em><\/p>\n<ul>\n<li>3 chambres<\/li>\n<li>2 ou 3 salles de bain<\/li>\n<li>surface de 204 m3 \u00e0 293 m2<\/li>\n<li>fourchette de prix de 2 625 000 \u20ac \u00e0 4 830 000 \u20ac<\/li>\n<\/ul>\n<p><em>Villas Li\u00e9es Dunique Marbella<\/em><\/p>\n<ul>\n<li>3 ou 4 chambres<\/li>\n<li>3 ou 4 salles de bains<\/li>\n<li>surface de 317 m3 \u00e0 335 m2<\/li>\n<li>fourchette de prix de 2 950 000 \u20ac \u00e0 3 565,00 \u20ac<\/li>\n<\/ul>\n<p><a href=\"https:\/\/marbella-dunes.com\/fr\/meer-info\/\"><strong>Demander une brochure avec la derni\u00e8re liste de prix &gt;&gt;&gt;<\/strong><\/a><\/p>\n<p style=\"font-weight: 400;\"><strong>Alentours<\/strong><br \/>\nDunique Marbella est un magnifique et unique complexe de nouvelle construction sur la plage pr\u00e8s de Marbella. Du c\u00f4t\u00e9 de la plage de Marbella Est, le dernier complexe construit remonte \u00e0 l&#039;an 2000 et depuis lors, aucun autre nouveau complexe n&#039;a \u00e9t\u00e9 construit en raison du manque d&#039;espace. La plage de l&#039;Est de Marbella est l&#039;une des plus belles plages de sable de Marbella avec de nombreux restaurants de plage confortables tels que le Beach House \u00e0 Elviria et un certain nombre d&#039;h\u00f4tels 5 \u00e9toiles tels que l&#039;h\u00f4tel Don Carlos et l&#039;h\u00f4tel Los Monteros. Bref, un emplacement au top.<\/p>\n<p style=\"font-weight: 400;\">Situ\u00e9 \u00e0 c\u00f4t\u00e9 de Marbella dans un magnifique paysage de dunes, mais ce n&#039;est pas tout ! Il y a \u00e9galement deux parcs nationaux dans la r\u00e9gion o\u00f9 vous pourrez profiter de la nature. Apr\u00e8s cette promenade relaxante, vous pourrez savourer un d\u00e9licieux repas. Il y a beaucoup de choix en termes d&#039;options de restauration \u00e0 proximit\u00e9 et \u00e0 Marbella. M\u00eame si vous n&#039;avez pas envie de rentrer chez vous apr\u00e8s cela, il y a beaucoup \u00e0 faire \u00e0 Marbella.<\/p>\n<\/div>\n\n\t\t<\/div>\n\t<\/div>\n\n\t\t<\/div>\n\t<\/div>\n\t<\/div>\n\n<\/div>\n<\/div>\n\n<div  class=\"content_row row quote-row vc_row wpb_row  default-style fullwidth\" style=\"background-color: #fcfcfc;\">\n\t\n\t<div class=\"content_row_wrapper  fullwidth\" >\n\t<div id=\"asdasd\" class=\"vc_col-sm-12 wpb_column vc_column_container vc_custom_1644925648982\" >\n\t<div class=\"vc_column-inner\">\n\t\t<div class=\"wpb_wrapper\" >\n\t\t\t<div class=\"rt_heading_wrapper style-3\">\n\t\t\t\t\t\t<h4 class=\"rt_heading serif quote-max-width style-3\" >Consultez \u00e9galement les visites virtuelles via les boutons ci-dessous<\/h4> \n\t\t\t\t\t<\/div>\n<div  class=\"content_row row vc_row vc_inner vc_row-fluid global-style fullwidth\" >\n\t\n\t<div class=\"content_row_wrapper  default\" ><div class=\"vc_col-sm-6 wpb_column vc_column_container\" >\n\t<div class=\"vc_column-inner\" style=\"padding-top:12px;padding-bottom:12px;padding-left:12px;padding-right:12px;\">\n\t\t<div class=\"wpb_wrapper\" >\n\t\t\t<div class=\"button_wrapper aligncenter\"><a  href=\"\/fr\/dunique-marbella-villa-visite-virtuelle\/\" target=\"_self\" title=\"Villa Visite Virtuelle\" class=\"button_ virtual-tour-button style-2 small\">Tour virtuel<br \/>\nVilla<\/a><\/div>\n\n\t\t<\/div>\n\t<\/div>\n\t<\/div>\n\n\t<div class=\"vc_col-sm-6 wpb_column vc_column_container\" >\n\t<div class=\"vc_column-inner\" style=\"padding-top:12px;padding-bottom:12px;padding-left:12px;padding-right:12px;\">\n\t\t<div class=\"wpb_wrapper\" >\n\t\t\t<div class=\"button_wrapper aligncenter\"><a  href=\"\/fr\/dunique-marbella-penthous-suite-visite-virtuelle\/\" target=\"_self\" title=\"Visite Virtuelle du Penthouse\" class=\"button_ virtual-tour-button style-2 small\">Tour virtuel<br \/>\nAttique<\/a><\/div>\n\n\t\t<\/div>\n\t<\/div>\n\t<\/div>\n\n\t<div class=\"vc_col-sm-12 wpb_column vc_column_container\" >\n\t<div class=\"vc_column-inner\">\n\t\t<div class=\"wpb_wrapper\" >\n\t\t\t\n\t<div class=\"wpb_raw_code wpb_content_element wpb_raw_html\" >\n\t\t<div class=\"wpb_wrapper\">\n\t\t\t<style>\n  .virtual-tour-button {\n    text-align: center; \n  }\n<\/style>\n\t\t<\/div>\n\t<\/div>\n\n\n\t\t<\/div>\n\t<\/div>\n\t<\/div>\n<\/div>\n<\/div>\n\n\t\t<\/div>\n\t<\/div>\n\t<\/div>\n\n<\/div>\n<\/div>\n\n<div  class=\"content_row row page-content vc_row wpb_row  default-style fullwidth\" style=\"background-color: #bbac8c;\">\n\t\n\t<div class=\"content_row_wrapper  default\" >\n\t<div id=\"asdasd\" class=\"vc_col-sm-12 wpb_column vc_column_container\" >\n\t<div class=\"vc_column-inner\">\n\t\t<div class=\"wpb_wrapper\" >\n\t\t\t<div class=\"rt_heading_wrapper no-style\">\n\t\t\t\t\t\t<h1 class=\"rt_heading  no-style\"  style=\"font-size:24px;margin-top:24px;margin-bottom:0px;\">Caract\u00e9ristiques - <span class=\"after_h1 white\">Dunique Marbella<\/span><\/h1> \n\t\t\t\t\t<\/div><div class=\"vc_empty_space\"   style=\"height: 32px\"><span class=\"vc_empty_space_inner\"><\/span><\/div><div class=\"vc_separator wpb_content_element vc_separator_align_center vc_sep_width_100 vc_sep_style-4 vc_sep_pos_align_center vc_separator_no_text vc_sep_color_grey\" ><span class=\"vc_sep_holder vc_sep_holder_l\"><span class=\"vc_sep_line\"><\/span><\/span><span class=\"vc_sep_holder vc_sep_holder_r\"><span class=\"vc_sep_line\"><\/span><\/span>\n<\/div>\n\t<div class=\"wpb_text_column wpb_content_element\" >\n\t\t<div class=\"wpb_wrapper\">\n\t\t\t\t \n\t\t<div  class=\"bullet-list style-1  check\">\n\t\t<ul>\n<li>appartements et penthouses de luxe<\/li>\n<li>2 et 3 chambres<\/li>\n<li>sur la plage de Marbella<\/li>\n<li>finition avec des mat\u00e9riaux de haute qualit\u00e9<\/li>\n<li>Club social, salle de sport artistique, piscine de yoga, espace de coworking<\/li>\n<li>prix \u00e0 partir de 2 950 000 \u20ac<\/li>\n<\/ul>\n\n\t\t<\/div>\n\t\n\n\t\t<\/div>\n\t<\/div>\n\n\t\t<\/div>\n\t<\/div>\n\t<\/div>\n\n<\/div>\n<\/div>\n\n<div  class=\"content_row row vc_row wpb_row  default-style fullwidth\" >\n\t\n\t<div class=\"content_row_wrapper  default\" >\n\t<div id=\"asdasd\" class=\"vc_col-sm-12 wpb_column vc_column_container\" >\n\t<div class=\"vc_column-inner\">\n\t\t<div class=\"wpb_wrapper\" >\n\t\t\t<div class=\"vc_empty_space\"   style=\"height: 32px\"><span class=\"vc_empty_space_inner\"><\/span><\/div>\n\t\t<\/div>\n\t<\/div>\n\t<\/div>\n\n<\/div>\n<\/div>\n<\/section>","protected":false},"excerpt":{"rendered":"<p>\u2026 <a class=\"more-link\" href=\"https:\/\/marbella-dunes.com\/fr\/le-complexe\/\">continuer la lecture<\/a><\/p>","protected":false},"author":1,"featured_media":4310,"parent":0,"menu_order":3,"comment_status":"closed","ping_status":"closed","template":"","meta":{"footnotes":""},"class_list":["post-95","page","type-page","status-publish","has-post-thumbnail","hentry"],"yoast_head":"<!-- This site is optimized with the Yoast SEO plugin v26.0 - https:\/\/yoast.com\/wordpress\/plugins\/seo\/ -->\n<title>Dunique Marbella - Dunique Marbella<\/title>\n<meta name=\"robots\" content=\"index, follow, max-snippet:-1, max-image-preview:large, max-video-preview:-1\" \/>\n<link rel=\"canonical\" href=\"https:\/\/marbella-dunes.com\/fr\/le-complexe\/\" \/>\n<meta property=\"og:locale\" content=\"fr_FR\" \/>\n<meta property=\"og:type\" content=\"article\" \/>\n<meta property=\"og:title\" content=\"Dunique Marbella - Dunique Marbella\" \/>\n<meta property=\"og:url\" content=\"https:\/\/marbella-dunes.com\/fr\/le-complexe\/\" \/>\n<meta property=\"og:site_name\" content=\"Dunique Marbella\" \/>\n<meta property=\"article:modified_time\" content=\"2024-01-12T16:48:18+00:00\" \/>\n<meta property=\"og:image\" content=\"https:\/\/marbella-dunes.com\/wp-content\/uploads\/sites\/34\/2024\/01\/penthouses-gardenapartments-El-Barronal_CAMARA15_HD-1-1-1-1.jpg\" \/>\n\t<meta property=\"og:image:width\" content=\"1885\" \/>\n\t<meta property=\"og:image:height\" content=\"943\" \/>\n\t<meta property=\"og:image:type\" content=\"image\/jpeg\" \/>\n<meta name=\"twitter:card\" content=\"summary_large_image\" \/>\n<meta name=\"twitter:label1\" content=\"Dur\u00e9e de lecture estim\u00e9e\" \/>\n\t<meta name=\"twitter:data1\" content=\"5 minutes\" \/>\n<script type=\"application\/ld+json\" class=\"yoast-schema-graph\">{\"@context\":\"https:\/\/schema.org\",\"@graph\":[{\"@type\":\"WebPage\",\"@id\":\"https:\/\/marbella-dunes.com\/het-complex\/\",\"url\":\"https:\/\/marbella-dunes.com\/het-complex\/\",\"name\":\"Dunique Marbella - Dunique Marbella\",\"isPartOf\":{\"@id\":\"https:\/\/marbella-dunes.com\/#website\"},\"primaryImageOfPage\":{\"@id\":\"https:\/\/marbella-dunes.com\/het-complex\/#primaryimage\"},\"image\":{\"@id\":\"https:\/\/marbella-dunes.com\/het-complex\/#primaryimage\"},\"thumbnailUrl\":\"https:\/\/marbella-dunes.com\/wp-content\/uploads\/sites\/34\/2024\/01\/penthouses-gardenapartments-El-Barronal_CAMARA15_HD-1-1-1-1.jpg\",\"datePublished\":\"2022-01-27T10:58:29+00:00\",\"dateModified\":\"2024-01-12T16:48:18+00:00\",\"breadcrumb\":{\"@id\":\"https:\/\/marbella-dunes.com\/het-complex\/#breadcrumb\"},\"inLanguage\":\"fr-FR\",\"potentialAction\":[{\"@type\":\"ReadAction\",\"target\":[\"https:\/\/marbella-dunes.com\/het-complex\/\"]}]},{\"@type\":\"ImageObject\",\"inLanguage\":\"fr-FR\",\"@id\":\"https:\/\/marbella-dunes.com\/het-complex\/#primaryimage\",\"url\":\"https:\/\/marbella-dunes.com\/wp-content\/uploads\/sites\/34\/2024\/01\/penthouses-gardenapartments-El-Barronal_CAMARA15_HD-1-1-1-1.jpg\",\"contentUrl\":\"https:\/\/marbella-dunes.com\/wp-content\/uploads\/sites\/34\/2024\/01\/penthouses-gardenapartments-El-Barronal_CAMARA15_HD-1-1-1-1.jpg\",\"width\":1885,\"height\":943},{\"@type\":\"BreadcrumbList\",\"@id\":\"https:\/\/marbella-dunes.com\/het-complex\/#breadcrumb\",\"itemListElement\":[{\"@type\":\"ListItem\",\"position\":1,\"name\":\"Home\",\"item\":\"https:\/\/marbella-dunes.com\/\"},{\"@type\":\"ListItem\",\"position\":2,\"name\":\"Dunique Marbella\"}]},{\"@type\":\"WebSite\",\"@id\":\"https:\/\/marbella-dunes.com\/#website\",\"url\":\"https:\/\/marbella-dunes.com\/\",\"name\":\"Dunique Marbella\",\"description\":\"\",\"potentialAction\":[{\"@type\":\"SearchAction\",\"target\":{\"@type\":\"EntryPoint\",\"urlTemplate\":\"https:\/\/marbella-dunes.com\/?s={search_term_string}\"},\"query-input\":{\"@type\":\"PropertyValueSpecification\",\"valueRequired\":true,\"valueName\":\"search_term_string\"}}],\"inLanguage\":\"fr-FR\"}]}<\/script>\n<!-- \/ Yoast SEO plugin. -->","yoast_head_json":{"title":"Dunique Marbella - Dunique Marbella","robots":{"index":"index","follow":"follow","max-snippet":"max-snippet:-1","max-image-preview":"max-image-preview:large","max-video-preview":"max-video-preview:-1"},"canonical":"https:\/\/marbella-dunes.com\/fr\/le-complexe\/","og_locale":"fr_FR","og_type":"article","og_title":"Dunique Marbella - Dunique Marbella","og_url":"https:\/\/marbella-dunes.com\/fr\/le-complexe\/","og_site_name":"Dunique Marbella","article_modified_time":"2024-01-12T16:48:18+00:00","og_image":[{"width":1885,"height":943,"url":"https:\/\/marbella-dunes.com\/wp-content\/uploads\/sites\/34\/2024\/01\/penthouses-gardenapartments-El-Barronal_CAMARA15_HD-1-1-1-1.jpg","type":"image\/jpeg"}],"twitter_card":"summary_large_image","twitter_misc":{"Dur\u00e9e de lecture estim\u00e9e":"5 minutes"},"schema":{"@context":"https:\/\/schema.org","@graph":[{"@type":"WebPage","@id":"https:\/\/marbella-dunes.com\/het-complex\/","url":"https:\/\/marbella-dunes.com\/het-complex\/","name":"Dunique Marbella - Dunique Marbella","isPartOf":{"@id":"https:\/\/marbella-dunes.com\/#website"},"primaryImageOfPage":{"@id":"https:\/\/marbella-dunes.com\/het-complex\/#primaryimage"},"image":{"@id":"https:\/\/marbella-dunes.com\/het-complex\/#primaryimage"},"thumbnailUrl":"https:\/\/marbella-dunes.com\/wp-content\/uploads\/sites\/34\/2024\/01\/penthouses-gardenapartments-El-Barronal_CAMARA15_HD-1-1-1-1.jpg","datePublished":"2022-01-27T10:58:29+00:00","dateModified":"2024-01-12T16:48:18+00:00","breadcrumb":{"@id":"https:\/\/marbella-dunes.com\/het-complex\/#breadcrumb"},"inLanguage":"fr-FR","potentialAction":[{"@type":"ReadAction","target":["https:\/\/marbella-dunes.com\/het-complex\/"]}]},{"@type":"ImageObject","inLanguage":"fr-FR","@id":"https:\/\/marbella-dunes.com\/het-complex\/#primaryimage","url":"https:\/\/marbella-dunes.com\/wp-content\/uploads\/sites\/34\/2024\/01\/penthouses-gardenapartments-El-Barronal_CAMARA15_HD-1-1-1-1.jpg","contentUrl":"https:\/\/marbella-dunes.com\/wp-content\/uploads\/sites\/34\/2024\/01\/penthouses-gardenapartments-El-Barronal_CAMARA15_HD-1-1-1-1.jpg","width":1885,"height":943},{"@type":"BreadcrumbList","@id":"https:\/\/marbella-dunes.com\/het-complex\/#breadcrumb","itemListElement":[{"@type":"ListItem","position":1,"name":"Home","item":"https:\/\/marbella-dunes.com\/"},{"@type":"ListItem","position":2,"name":"Dunique Marbella"}]},{"@type":"WebSite","@id":"https:\/\/marbella-dunes.com\/#website","url":"https:\/\/marbella-dunes.com\/","name":"Dunique Marbella","description":"","potentialAction":[{"@type":"SearchAction","target":{"@type":"EntryPoint","urlTemplate":"https:\/\/marbella-dunes.com\/?s={search_term_string}"},"query-input":{"@type":"PropertyValueSpecification","valueRequired":true,"valueName":"search_term_string"}}],"inLanguage":"fr-FR"}]}},"_links":{"self":[{"href":"https:\/\/marbella-dunes.com\/fr\/wp-json\/wp\/v2\/pages\/95","targetHints":{"allow":["GET"]}}],"collection":[{"href":"https:\/\/marbella-dunes.com\/fr\/wp-json\/wp\/v2\/pages"}],"about":[{"href":"https:\/\/marbella-dunes.com\/fr\/wp-json\/wp\/v2\/types\/page"}],"author":[{"embeddable":true,"href":"https:\/\/marbella-dunes.com\/fr\/wp-json\/wp\/v2\/users\/1"}],"replies":[{"embeddable":true,"href":"https:\/\/marbella-dunes.com\/fr\/wp-json\/wp\/v2\/comments?post=95"}],"version-history":[{"count":81,"href":"https:\/\/marbella-dunes.com\/fr\/wp-json\/wp\/v2\/pages\/95\/revisions"}],"predecessor-version":[{"id":4364,"href":"https:\/\/marbella-dunes.com\/fr\/wp-json\/wp\/v2\/pages\/95\/revisions\/4364"}],"wp:featuredmedia":[{"embeddable":true,"href":"https:\/\/marbella-dunes.com\/fr\/wp-json\/wp\/v2\/media\/4310"}],"wp:attachment":[{"href":"https:\/\/marbella-dunes.com\/fr\/wp-json\/wp\/v2\/media?parent=95"}],"curies":[{"name":"wp","href":"https:\/\/api.w.org\/{rel}","templated":true}]}}