{"id":95,"date":"2022-01-27T10:58:29","date_gmt":"2022-01-27T10:58:29","guid":{"rendered":"http:\/\/cognito.mprinsdesign.nl\/?page_id=95"},"modified":"2024-01-12T16:48:18","modified_gmt":"2024-01-12T16:48:18","slug":"el-complejo","status":"publish","type":"page","link":"https:\/\/marbella-dunes.com\/es\/el-complejo\/","title":{"rendered":"Dunique Marbella"},"content":{"rendered":"<section class=\"wpb-content-wrapper\"><div  class=\"content_row row page-content vc_row wpb_row  default-style fullwidth\" >\n\t\n\t<div class=\"content_row_wrapper  default\" >\n\t<div id=\"asdasd\" class=\"vc_col-sm-12 wpb_column vc_column_container\" >\n\t<div class=\"vc_column-inner\">\n\t\t<div class=\"wpb_wrapper\" >\n\t\t\t<div class=\"rt_heading_wrapper no-style\">\n\t\t\t\t\t\t<h1 class=\"rt_heading  no-style\"  style=\"font-size:24px;margin-top:24px;margin-bottom:0px;\">Dunique Marbella \u2013 <\/h1> \n\t\t\t\t\t<\/div><div class=\"vc_empty_space\"   style=\"height: 32px\"><span class=\"vc_empty_space_inner\"><\/span><\/div><div class=\"vc_separator wpb_content_element vc_separator_align_center vc_sep_width_100 vc_sep_style-4 vc_sep_pos_align_center vc_separator_no_text vc_sep_color_grey\" ><span class=\"vc_sep_holder vc_sep_holder_l\"><span class=\"vc_sep_line\"><\/span><\/span><span class=\"vc_sep_holder vc_sep_holder_r\"><span class=\"vc_sep_line\"><\/span><\/span>\n<\/div><div class=\"vc_empty_space\"   style=\"height: 32px\"><span class=\"vc_empty_space_inner\"><\/span><\/div>\n\t<div class=\"wpb_text_column wpb_content_element\" >\n\t\t<div class=\"wpb_wrapper\">\n\t\t\t<div class=\"\">\n<p><strong><em>Dunique Marbella\u00a0<\/em><\/strong><\/p>\n<p style=\"font-weight: 400;\">El complejo fue construido bajo una arquitectura vanguardista y terminado con materiales de los m\u00e1s altos est\u00e1ndares de calidad. Aqu\u00ed podr\u00e1s disfrutar de las maravillosas temperaturas espa\u00f1olas con todo lujo. En invierno la temperatura se mantiene en torno a los 16 \u00b0C y en verano las temperaturas suben a 25-30 \u00b0C, \u00a1as\u00ed que nunca hace demasiado fr\u00edo ni demasiado calor!<\/p>\n<p style=\"font-weight: 400;\">El proyecto constar\u00e1 de villas adosadas de 3 dormitorios y apartamentos y \u00e1ticos de lujo de 2 y 3 dormitorios. Los precios son desde<strong> 1,8 millones de euros<\/strong> para las casas adosadas y de 2 millones para los apartamentos de lujo.<\/p>\n<p style=\"font-weight: 400;\">El proyecto cuenta con: Club Social, Gimnasio de \u00faltima generaci\u00f3n de 200 m\u00b2, sala de yoga y meditaci\u00f3n, spa, piscina infinita flotante, \u00e1rea de coworking, estaci\u00f3n de carga para autos el\u00e9ctricos en cada hogar, dos piscinas, seguridad las 24 horas del d\u00eda, Bream. Certificados energ\u00e9ticos y buggies el\u00e9ctricos.<\/p>\n<p style=\"font-weight: 400;\">Todas las viviendas incluyen; suelo radiante, cocinas y ba\u00f1os totalmente equipados, 2 plazas de aparcamiento y trastero, punto de carga para coches el\u00e9ctricos.<\/p>\n<p style=\"font-weight: 400;\">El \u00faltimo complejo de obra nueva construido en la Costa del Sol fue en Estepona Este. Los precios de estos apartamentos directamente en la playa comenzaron en 2,3 millones de euros al inicio de la construcci\u00f3n hace unos 5 a\u00f1os y, una vez finalizados, las \u00faltimas unidades se vendieron por alrededor de 3,1 millones de euros. Esperamos aumentos de precios similares en Marbella Beach dada la ubicaci\u00f3n \u00fanica de la playa en Marbella.<\/p>\n<p style=\"font-weight: 400;\"><strong>Casas semi-separadas<\/strong><br \/>\nLos chalets adosados con piscina propia se ubican en las fases A3 y A4 y estas viviendas tendr\u00e1n una superficie habitable de entre 412 y 641 m\u00b2 con terrazas de 180 a 289 m\u00b2 m\u00e1s un jard\u00edn de entre 76 y 139 m\u00b2. Todas estas villas tienen un s\u00f3tano con luz natural. Orientaci\u00f3n suroeste con precios desde 2.950.000 millones de euros.<\/p>\n<p style=\"font-weight: 400;\"><strong>Apartamentos de lujo<\/strong><br \/>\nLos apartamentos y \u00e1ticos de lujo de 2 y 3 dormitorios se ubican en las fases B2, B3 y B4 y se construir\u00e1n entre 300 y 516 m2 con terrazas de entre 197 y 277 m2. Orientaci\u00f3n sureste con precios desde 2.625.000 millones de euros.<\/p>\n<p><strong>Precios Enero 2024<\/strong><\/p>\n<p><em>Apartamentos y \u00c1ticos Dunique Marbella<\/em><\/p>\n<ul>\n<li>3 dormitorios<\/li>\n<li>2 o 3 ba\u00f1os<\/li>\n<li>superficie desde 204 m3 hasta 293 m2<\/li>\n<li>rango de precios desde 2.625.000 \u20ac hasta 4.830.000 \u20ac<\/li>\n<\/ul>\n<p><em>Villas vinculadas Dunique Marbella<\/em><\/p>\n<ul>\n<li>3 o 4 dormitorios<\/li>\n<li>3 o 4 ba\u00f1os<\/li>\n<li>superficie desde 317 m3 hasta 335 m2<\/li>\n<li>rango de precios desde 2.950.000 \u20ac hasta 3.565,00 \u20ac<\/li>\n<\/ul>\n<p><a href=\"https:\/\/marbella-dunes.com\/es\/meer-info\/\"><strong>Solicite el folleto con la lista de precios m\u00e1s reciente &gt;&gt;&gt;<\/strong><\/a><\/p>\n<p style=\"font-weight: 400;\"><strong>Ambiente<\/strong><br \/>\nDunique Marbella es un hermoso y \u00fanico complejo de nueva construcci\u00f3n en la playa cerca de Marbella. En la zona de playa de Marbella Este, el \u00faltimo complejo construido fue en el a\u00f1o 2000 y desde entonces no se ha construido ning\u00fan otro complejo nuevo por falta de espacio. La playa del este de Marbella es una de las playas de arena m\u00e1s hermosas de Marbella con muchos acogedores restaurantes de playa como el Beach House en Elviria y varios hoteles de 5 estrellas como el Hotel Don Carlos y el Hotel Los Monteros. En resumen, una ubicaci\u00f3n privilegiada.<\/p>\n<p style=\"font-weight: 400;\">Situado junto a Marbella en un precioso paisaje dunar, \u00a1pero eso no es todo! Tambi\u00e9n hay dos parques nacionales en la zona donde podr\u00e1s disfrutar de la naturaleza. Despu\u00e9s de este relajante paseo podr\u00e1s disfrutar de una deliciosa comida. Hay muchas opciones en cuanto a opciones para cenar cerca y en Marbella. Incluso si no te apetece volver a casa despu\u00e9s de esto, hay mucho que hacer en Marbella.<\/p>\n<\/div>\n\n\t\t<\/div>\n\t<\/div>\n\n\t\t<\/div>\n\t<\/div>\n\t<\/div>\n\n<\/div>\n<\/div>\n\n<div  class=\"content_row row quote-row vc_row wpb_row  default-style fullwidth\" style=\"background-color: #fcfcfc;\">\n\t\n\t<div class=\"content_row_wrapper  fullwidth\" >\n\t<div id=\"asdasd\" class=\"vc_col-sm-12 wpb_column vc_column_container vc_custom_1644925648982\" >\n\t<div class=\"vc_column-inner\">\n\t\t<div class=\"wpb_wrapper\" >\n\t\t\t<div class=\"rt_heading_wrapper style-3\">\n\t\t\t\t\t\t<h4 class=\"rt_heading serif quote-max-width style-3\" >Vea tambi\u00e9n los recorridos virtuales a trav\u00e9s de los botones a continuaci\u00f3n<\/h4> \n\t\t\t\t\t<\/div>\n<div  class=\"content_row row vc_row vc_inner vc_row-fluid global-style fullwidth\" >\n\t\n\t<div class=\"content_row_wrapper  default\" ><div class=\"vc_col-sm-6 wpb_column vc_column_container\" >\n\t<div class=\"vc_column-inner\" style=\"padding-top:12px;padding-bottom:12px;padding-left:12px;padding-right:12px;\">\n\t\t<div class=\"wpb_wrapper\" >\n\t\t\t<div class=\"button_wrapper aligncenter\"><a  href=\"\/es\/tour-virtual-villa-dunique-marbella\/\" target=\"_self\" title=\"Visita Virtual Villa\" class=\"button_ virtual-tour-button style-2 small\">Tour virtual<br \/>\nVilla<\/a><\/div>\n\n\t\t<\/div>\n\t<\/div>\n\t<\/div>\n\n\t<div class=\"vc_col-sm-6 wpb_column vc_column_container\" >\n\t<div class=\"vc_column-inner\" style=\"padding-top:12px;padding-bottom:12px;padding-left:12px;padding-right:12px;\">\n\t\t<div class=\"wpb_wrapper\" >\n\t\t\t<div class=\"button_wrapper aligncenter\"><a  href=\"\/es\/dunique-marbella-atico-suite-tour-virtual\/\" target=\"_self\" title=\"\u00c1tico de visita virtual\" class=\"button_ virtual-tour-button style-2 small\">Tour virtual<br \/>\n\u00c1tico<\/a><\/div>\n\n\t\t<\/div>\n\t<\/div>\n\t<\/div>\n\n\t<div class=\"vc_col-sm-12 wpb_column vc_column_container\" >\n\t<div class=\"vc_column-inner\">\n\t\t<div class=\"wpb_wrapper\" >\n\t\t\t\n\t<div class=\"wpb_raw_code wpb_content_element wpb_raw_html\" >\n\t\t<div class=\"wpb_wrapper\">\n\t\t\t<style>\n  .virtual-tour-button {\n    text-align: center; \n  }\n<\/style>\n\t\t<\/div>\n\t<\/div>\n\n\n\t\t<\/div>\n\t<\/div>\n\t<\/div>\n<\/div>\n<\/div>\n\n\t\t<\/div>\n\t<\/div>\n\t<\/div>\n\n<\/div>\n<\/div>\n\n<div  class=\"content_row row page-content vc_row wpb_row  default-style fullwidth\" style=\"background-color: #bbac8c;\">\n\t\n\t<div class=\"content_row_wrapper  default\" >\n\t<div id=\"asdasd\" class=\"vc_col-sm-12 wpb_column vc_column_container\" >\n\t<div class=\"vc_column-inner\">\n\t\t<div class=\"wpb_wrapper\" >\n\t\t\t<div class=\"rt_heading_wrapper no-style\">\n\t\t\t\t\t\t<h1 class=\"rt_heading  no-style\"  style=\"font-size:24px;margin-top:24px;margin-bottom:0px;\">Caracter\u00edsticas - <span class=\"after_h1 white\">Dunique Marbella<\/span><\/h1> \n\t\t\t\t\t<\/div><div class=\"vc_empty_space\"   style=\"height: 32px\"><span class=\"vc_empty_space_inner\"><\/span><\/div><div class=\"vc_separator wpb_content_element vc_separator_align_center vc_sep_width_100 vc_sep_style-4 vc_sep_pos_align_center vc_separator_no_text vc_sep_color_grey\" ><span class=\"vc_sep_holder vc_sep_holder_l\"><span class=\"vc_sep_line\"><\/span><\/span><span class=\"vc_sep_holder vc_sep_holder_r\"><span class=\"vc_sep_line\"><\/span><\/span>\n<\/div>\n\t<div class=\"wpb_text_column wpb_content_element\" >\n\t\t<div class=\"wpb_wrapper\">\n\t\t\t\t \n\t\t<div  class=\"bullet-list style-1  check\">\n\t\t<ul>\n<li>apartamentos y \u00e1ticos de lujo<\/li>\n<li>2 y 3 dormitorios<\/li>\n<li>en la playa de marbella<\/li>\n<li>terminando con materiales de alta calidad<\/li>\n<li>Club social, gimnasio art\u00edstico, piscina de yoga, zona de coworking<\/li>\n<li>precios desde 2.950.000 \u20ac<\/li>\n<\/ul>\n\n\t\t<\/div>\n\t\n\n\t\t<\/div>\n\t<\/div>\n\n\t\t<\/div>\n\t<\/div>\n\t<\/div>\n\n<\/div>\n<\/div>\n\n<div  class=\"content_row row vc_row wpb_row  default-style fullwidth\" >\n\t\n\t<div class=\"content_row_wrapper  default\" >\n\t<div id=\"asdasd\" class=\"vc_col-sm-12 wpb_column vc_column_container\" >\n\t<div class=\"vc_column-inner\">\n\t\t<div class=\"wpb_wrapper\" >\n\t\t\t<div class=\"vc_empty_space\"   style=\"height: 32px\"><span class=\"vc_empty_space_inner\"><\/span><\/div>\n\t\t<\/div>\n\t<\/div>\n\t<\/div>\n\n<\/div>\n<\/div>\n<\/section>","protected":false},"excerpt":{"rendered":"<p>\u2026 <a class=\"more-link\" href=\"https:\/\/marbella-dunes.com\/es\/el-complejo\/\">sigue leyendo<\/a><\/p>","protected":false},"author":1,"featured_media":4310,"parent":0,"menu_order":3,"comment_status":"closed","ping_status":"closed","template":"","meta":{"footnotes":""},"class_list":["post-95","page","type-page","status-publish","has-post-thumbnail","hentry"],"yoast_head":"<!-- This site is optimized with the Yoast SEO plugin v26.0 - https:\/\/yoast.com\/wordpress\/plugins\/seo\/ -->\n<title>Dunique Marbella - Dunique Marbella<\/title>\n<meta name=\"robots\" content=\"index, follow, max-snippet:-1, max-image-preview:large, max-video-preview:-1\" \/>\n<link rel=\"canonical\" href=\"https:\/\/marbella-dunes.com\/es\/el-complejo\/\" \/>\n<meta property=\"og:locale\" content=\"es_ES\" \/>\n<meta property=\"og:type\" content=\"article\" \/>\n<meta property=\"og:title\" content=\"Dunique Marbella - Dunique Marbella\" \/>\n<meta property=\"og:url\" content=\"https:\/\/marbella-dunes.com\/es\/el-complejo\/\" \/>\n<meta property=\"og:site_name\" content=\"Dunique Marbella\" \/>\n<meta property=\"article:modified_time\" content=\"2024-01-12T16:48:18+00:00\" \/>\n<meta property=\"og:image\" content=\"https:\/\/marbella-dunes.com\/wp-content\/uploads\/sites\/34\/2024\/01\/penthouses-gardenapartments-El-Barronal_CAMARA15_HD-1-1-1-1.jpg\" \/>\n\t<meta property=\"og:image:width\" content=\"1885\" \/>\n\t<meta property=\"og:image:height\" content=\"943\" \/>\n\t<meta property=\"og:image:type\" content=\"image\/jpeg\" \/>\n<meta name=\"twitter:card\" content=\"summary_large_image\" \/>\n<meta name=\"twitter:label1\" content=\"Tiempo de lectura\" \/>\n\t<meta name=\"twitter:data1\" content=\"5 minutos\" \/>\n<script type=\"application\/ld+json\" class=\"yoast-schema-graph\">{\"@context\":\"https:\/\/schema.org\",\"@graph\":[{\"@type\":\"WebPage\",\"@id\":\"https:\/\/marbella-dunes.com\/het-complex\/\",\"url\":\"https:\/\/marbella-dunes.com\/het-complex\/\",\"name\":\"Dunique Marbella - Dunique Marbella\",\"isPartOf\":{\"@id\":\"https:\/\/marbella-dunes.com\/#website\"},\"primaryImageOfPage\":{\"@id\":\"https:\/\/marbella-dunes.com\/het-complex\/#primaryimage\"},\"image\":{\"@id\":\"https:\/\/marbella-dunes.com\/het-complex\/#primaryimage\"},\"thumbnailUrl\":\"https:\/\/marbella-dunes.com\/wp-content\/uploads\/sites\/34\/2024\/01\/penthouses-gardenapartments-El-Barronal_CAMARA15_HD-1-1-1-1.jpg\",\"datePublished\":\"2022-01-27T10:58:29+00:00\",\"dateModified\":\"2024-01-12T16:48:18+00:00\",\"breadcrumb\":{\"@id\":\"https:\/\/marbella-dunes.com\/het-complex\/#breadcrumb\"},\"inLanguage\":\"es\",\"potentialAction\":[{\"@type\":\"ReadAction\",\"target\":[\"https:\/\/marbella-dunes.com\/het-complex\/\"]}]},{\"@type\":\"ImageObject\",\"inLanguage\":\"es\",\"@id\":\"https:\/\/marbella-dunes.com\/het-complex\/#primaryimage\",\"url\":\"https:\/\/marbella-dunes.com\/wp-content\/uploads\/sites\/34\/2024\/01\/penthouses-gardenapartments-El-Barronal_CAMARA15_HD-1-1-1-1.jpg\",\"contentUrl\":\"https:\/\/marbella-dunes.com\/wp-content\/uploads\/sites\/34\/2024\/01\/penthouses-gardenapartments-El-Barronal_CAMARA15_HD-1-1-1-1.jpg\",\"width\":1885,\"height\":943},{\"@type\":\"BreadcrumbList\",\"@id\":\"https:\/\/marbella-dunes.com\/het-complex\/#breadcrumb\",\"itemListElement\":[{\"@type\":\"ListItem\",\"position\":1,\"name\":\"Home\",\"item\":\"https:\/\/marbella-dunes.com\/\"},{\"@type\":\"ListItem\",\"position\":2,\"name\":\"Dunique Marbella\"}]},{\"@type\":\"WebSite\",\"@id\":\"https:\/\/marbella-dunes.com\/#website\",\"url\":\"https:\/\/marbella-dunes.com\/\",\"name\":\"Dunique Marbella\",\"description\":\"\",\"potentialAction\":[{\"@type\":\"SearchAction\",\"target\":{\"@type\":\"EntryPoint\",\"urlTemplate\":\"https:\/\/marbella-dunes.com\/?s={search_term_string}\"},\"query-input\":{\"@type\":\"PropertyValueSpecification\",\"valueRequired\":true,\"valueName\":\"search_term_string\"}}],\"inLanguage\":\"es\"}]}<\/script>\n<!-- \/ Yoast SEO plugin. -->","yoast_head_json":{"title":"Dunique Marbella - Dunique Marbella","robots":{"index":"index","follow":"follow","max-snippet":"max-snippet:-1","max-image-preview":"max-image-preview:large","max-video-preview":"max-video-preview:-1"},"canonical":"https:\/\/marbella-dunes.com\/es\/el-complejo\/","og_locale":"es_ES","og_type":"article","og_title":"Dunique Marbella - Dunique Marbella","og_url":"https:\/\/marbella-dunes.com\/es\/el-complejo\/","og_site_name":"Dunique Marbella","article_modified_time":"2024-01-12T16:48:18+00:00","og_image":[{"width":1885,"height":943,"url":"https:\/\/marbella-dunes.com\/wp-content\/uploads\/sites\/34\/2024\/01\/penthouses-gardenapartments-El-Barronal_CAMARA15_HD-1-1-1-1.jpg","type":"image\/jpeg"}],"twitter_card":"summary_large_image","twitter_misc":{"Tiempo de lectura":"5 minutos"},"schema":{"@context":"https:\/\/schema.org","@graph":[{"@type":"WebPage","@id":"https:\/\/marbella-dunes.com\/het-complex\/","url":"https:\/\/marbella-dunes.com\/het-complex\/","name":"Dunique Marbella - Dunique Marbella","isPartOf":{"@id":"https:\/\/marbella-dunes.com\/#website"},"primaryImageOfPage":{"@id":"https:\/\/marbella-dunes.com\/het-complex\/#primaryimage"},"image":{"@id":"https:\/\/marbella-dunes.com\/het-complex\/#primaryimage"},"thumbnailUrl":"https:\/\/marbella-dunes.com\/wp-content\/uploads\/sites\/34\/2024\/01\/penthouses-gardenapartments-El-Barronal_CAMARA15_HD-1-1-1-1.jpg","datePublished":"2022-01-27T10:58:29+00:00","dateModified":"2024-01-12T16:48:18+00:00","breadcrumb":{"@id":"https:\/\/marbella-dunes.com\/het-complex\/#breadcrumb"},"inLanguage":"es","potentialAction":[{"@type":"ReadAction","target":["https:\/\/marbella-dunes.com\/het-complex\/"]}]},{"@type":"ImageObject","inLanguage":"es","@id":"https:\/\/marbella-dunes.com\/het-complex\/#primaryimage","url":"https:\/\/marbella-dunes.com\/wp-content\/uploads\/sites\/34\/2024\/01\/penthouses-gardenapartments-El-Barronal_CAMARA15_HD-1-1-1-1.jpg","contentUrl":"https:\/\/marbella-dunes.com\/wp-content\/uploads\/sites\/34\/2024\/01\/penthouses-gardenapartments-El-Barronal_CAMARA15_HD-1-1-1-1.jpg","width":1885,"height":943},{"@type":"BreadcrumbList","@id":"https:\/\/marbella-dunes.com\/het-complex\/#breadcrumb","itemListElement":[{"@type":"ListItem","position":1,"name":"Home","item":"https:\/\/marbella-dunes.com\/"},{"@type":"ListItem","position":2,"name":"Dunique Marbella"}]},{"@type":"WebSite","@id":"https:\/\/marbella-dunes.com\/#website","url":"https:\/\/marbella-dunes.com\/","name":"Dunique Marbella","description":"","potentialAction":[{"@type":"SearchAction","target":{"@type":"EntryPoint","urlTemplate":"https:\/\/marbella-dunes.com\/?s={search_term_string}"},"query-input":{"@type":"PropertyValueSpecification","valueRequired":true,"valueName":"search_term_string"}}],"inLanguage":"es"}]}},"_links":{"self":[{"href":"https:\/\/marbella-dunes.com\/es\/wp-json\/wp\/v2\/pages\/95","targetHints":{"allow":["GET"]}}],"collection":[{"href":"https:\/\/marbella-dunes.com\/es\/wp-json\/wp\/v2\/pages"}],"about":[{"href":"https:\/\/marbella-dunes.com\/es\/wp-json\/wp\/v2\/types\/page"}],"author":[{"embeddable":true,"href":"https:\/\/marbella-dunes.com\/es\/wp-json\/wp\/v2\/users\/1"}],"replies":[{"embeddable":true,"href":"https:\/\/marbella-dunes.com\/es\/wp-json\/wp\/v2\/comments?post=95"}],"version-history":[{"count":81,"href":"https:\/\/marbella-dunes.com\/es\/wp-json\/wp\/v2\/pages\/95\/revisions"}],"predecessor-version":[{"id":4364,"href":"https:\/\/marbella-dunes.com\/es\/wp-json\/wp\/v2\/pages\/95\/revisions\/4364"}],"wp:featuredmedia":[{"embeddable":true,"href":"https:\/\/marbella-dunes.com\/es\/wp-json\/wp\/v2\/media\/4310"}],"wp:attachment":[{"href":"https:\/\/marbella-dunes.com\/es\/wp-json\/wp\/v2\/media?parent=95"}],"curies":[{"name":"wp","href":"https:\/\/api.w.org\/{rel}","templated":true}]}}