{"id":4069,"date":"2022-10-20T09:18:52","date_gmt":"2022-10-20T09:18:52","guid":{"rendered":"https:\/\/new2.minisites.casadelmar.nl\/?page_id=4069"},"modified":"2022-10-20T10:45:42","modified_gmt":"2022-10-20T10:45:42","slug":"uber-uns","status":"publish","type":"page","link":"https:\/\/marbella-dunes.com\/de\/uber-uns\/","title":{"rendered":"\u00dcber uns"},"content":{"rendered":"<section class=\"wpb-content-wrapper\"><div  class=\"content_row row vc_row wpb_row  default-style fullwidth rt-flex-wrapper\" >\n\t\n\t<div class=\"content_row_wrapper align-contents content-align-bottom default\" >\n\t<div id=\"asdasd\" class=\"vc_col-sm-12 wpb_column vc_column_container\" >\n\t<div class=\"vc_column-inner\">\n\t\t<div class=\"wpb_wrapper\" >\n\t\t\t\n\t\t\t<!-- START overonsslider REVOLUTION SLIDER 6.5.16 --><p class=\"rs-p-wp-fix\"><\/p>\n\t\t\t<rs-module-wrap id=\"rev_slider_1_1_wrapper\" data-source=\"gallery\" style=\"visibility:hidden;background:transparent;padding:0;margin:0px auto;margin-top:0;margin-bottom:0;\">\n\t\t\t\t<rs-module id=\"rev_slider_1_1\" style=\"\" data-version=\"6.5.16\">\n\t\t\t\t\t<rs-slides>\n\t\t\t\t\t\t<rs-slide style=\"position: absolute;\" data-key=\"rs-1\" data-title=\"Slide\" data-ssop=\"true\" data-anim=\"ms:600;\" data-in=\"o:0;\" data-out=\"a:false;\">\n\t\t\t\t\t\t\t<img decoding=\"async\" src=\"\/\/marbella-dunes.com\/wp-content\/plugins\/revslider\/public\/assets\/assets\/dummy.png\" alt=\"Gleiten\" title=\"\u00dcber uns\" class=\"rev-slidebg tp-rs-img rs-lazyload\" data-lazyload=\"\/\/marbella-dunes.com\/wp-content\/plugins\/revslider\/public\/assets\/assets\/transparent.png\" data-no-retina>\n<!--\n\t\t\t\t\t\t\t--><rs-layer\n\t\t\t\t\t\t\t\tid=\"slider-1-slide-1-layer-7\" \n\t\t\t\t\t\t\t\tdata-type=\"image\"\n\t\t\t\t\t\t\t\tdata-rsp_ch=\"on\"\n\t\t\t\t\t\t\t\tdata-xy=\"x:-101px;y:-112px;\"\n\t\t\t\t\t\t\t\tdata-text=\"l:22;a:inherit;\"\n\t\t\t\t\t\t\t\tdata-dim=\"w:1448px;h:724px;\"\n\t\t\t\t\t\t\t\tdata-frame_0=\"tp:600;\"\n\t\t\t\t\t\t\t\tdata-frame_1=\"tp:600;st:0;\"\n\t\t\t\t\t\t\t\tdata-frame_999=\"o:0;tp:600;st:w;sR:5700;\"\n\t\t\t\t\t\t\t\tstyle=\"z-index:5;\"\n\t\t\t\t\t\t\t><img fetchpriority=\"high\" decoding=\"async\" src=\"\/\/marbella-dunes.com\/wp-content\/plugins\/revslider\/public\/assets\/assets\/dummy.png\" alt=\"\" class=\"tp-rs-img rs-lazyload\" width=\"1456\" height=\"728\" data-lazyload=\"\/\/new2.minisites.casadelmar.nl\/wp-content\/uploads\/sites\/10\/2022\/10\/slg-property-alharin-vista-golf-1.jpg\" data-no-retina> \n\t\t\t\t\t\t\t<\/rs-layer><!--\n-->\t\t\t\t\t\t<\/rs-slide>\n\t\t\t\t\t<\/rs-slides>\n\t\t\t\t<\/rs-module>\n\t\t\t\t<script>\n\t\t\t\t\tsetREVStartSize({c: 'rev_slider_1_1',rl:[1240,1024,778,480],el:[464],gw:[1240],gh:[464],type:'standard',justify:'',layout:'fullwidth',mh:\"0\"});if (window.RS_MODULES!==undefined && window.RS_MODULES.modules!==undefined && window.RS_MODULES.modules[\"revslider11\"]!==undefined) {window.RS_MODULES.modules[\"revslider11\"].once = false;window.revapi1 = undefined;if (window.RS_MODULES.checkMinimal!==undefined) window.RS_MODULES.checkMinimal()}\n\t\t\t\t<\/script>\n\t\t\t<\/rs-module-wrap>\n\t\t\t<!-- END REVOLUTION SLIDER -->\n\n\t<div class=\"wpb_text_column wpb_content_element\" >\n\t\t<div class=\"wpb_wrapper\">\n\t\t\t<p><!-- \/wp:post-content --><\/p>\n<p><!-- wp:shortcode --><\/p>\n\n\t\t<\/div>\n\t<\/div>\n\n\t\t<\/div>\n\t<\/div>\n\t<\/div>\n\n<\/div>\n<\/div>\n\n<div  class=\"content_row row vc_row wpb_row  default-style fullwidth\" >\n\t\n\t<div class=\"content_row_wrapper  default\" >\n\t<div id=\"asdasd\" class=\"vc_col-sm-12 wpb_column vc_column_container\" >\n\t<div class=\"vc_column-inner\">\n\t\t<div class=\"wpb_wrapper\" >\n\t\t\t\n\t<div class=\"wpb_text_column wpb_content_element\" >\n\t\t<div class=\"wpb_wrapper\">\n\t\t\t<h3>SLG Property \u2013 Erfahrung, Fachwissen und die gr\u00f6\u00dfte Auswahl an der Costa del Sol<\/h3>\n<p>SLG Property besteht aus einem Team erfahrener und kompetenter niederl\u00e4ndischsprachiger Immobilienmakler an der Costa del Sol. Gr\u00fcnder Ron de Vries hat sich seit mehr als zwanzig Jahren als Immobilienmakler an der Costa del Sol etabliert. Dank des umfangreichen Netzwerks an Projektentwicklern und spanischen Banken ist SLG eines der wenigen B\u00fcros an der Costa del Sol, das nahezu alles bieten kann. Das bedeutet, dass bei SLG Property Ihre W\u00fcnsche wirklich im Vordergrund stehen. Aufgrund der guten Beziehungen zu Entwicklern und spanischen Banken kann SLG Property, insbesondere als einer der wenigen nicht-spanischen Makler, sehr interessante Neubauprojekte anbieten. SLG Property hat in den letzten Jahren f\u00fcr mehrere gr\u00f6\u00dfere spanische Banken die meisten Neubauimmobilien an niederl\u00e4ndische und fl\u00e4mische Kunden verkauft. Die Golfapartments Alhaur\u00edn Vista Golf sind sowohl f\u00fcr Investoren als auch f\u00fcr Privatpersonen sehr attraktiv. Die Apartments liegen direkt am Alhaur\u00edn Golf und nicht weit vom Flughafen und den sch\u00f6nsten Str\u00e4nden der Costa del Sol entfernt. Die Preise f\u00fcr diese Neubauwohnungen werden in Absprache mit der Bank festgelegt, sodass sie schnell verkauft werden k\u00f6nnen. Dar\u00fcber hinaus handelt es sich um ein Neubauprojekt, bei dem Sie nicht jahrelang warten m\u00fcssen, sondern sofort einziehen k\u00f6nnen. SLG verf\u00fcgt \u00fcber eine eigene Website <a href=\"https:\/\/www.nieuwbouwspanje.com\" target=\"_blank\" rel=\"noopener\">Auswahl an Neubauprojekten an der Costa del Sol<\/a> . F\u00fcr weitere Informationen oder ein Kennenlerngespr\u00e4ch k\u00f6nnen Sie uns gerne kontaktieren.<\/p>\n\n\t\t<\/div>\n\t<\/div>\n\n\t\t<\/div>\n\t<\/div>\n\t<\/div>\n\n<\/div>\n<\/div>\n\n<div  class=\"content_row row vc_row wpb_row  default-style fullwidth\" >\n\t\n\t<div class=\"content_row_wrapper  default\" >\n\t<div id=\"asdasd\" class=\"vc_col-sm-12 wpb_column vc_column_container\" >\n\t<div class=\"vc_column-inner\">\n\t\t<div class=\"wpb_wrapper\" >\n\t\t\t\n\t<div class=\"wpb_text_column wpb_content_element\" >\n\t\t<div class=\"wpb_wrapper\">\n\t\t\t<p><!-- \/wp:shortcode --><\/p>\n\n\t\t<\/div>\n\t<\/div>\n\n\t\t<\/div>\n\t<\/div>\n\t<\/div>\n\n<\/div>\n<\/div><\/section>","protected":false},"excerpt":{"rendered":"<p>\u2026 <a class=\"more-link\" href=\"https:\/\/marbella-dunes.com\/de\/uber-uns\/\">Weiterlesen<\/a><\/p>","protected":false},"author":1,"featured_media":0,"parent":0,"menu_order":0,"comment_status":"closed","ping_status":"closed","template":"","meta":{"footnotes":""},"class_list":["post-4069","page","type-page","status-publish","hentry"],"yoast_head":"<!-- This site is optimized with the Yoast SEO plugin v26.0 - https:\/\/yoast.com\/wordpress\/plugins\/seo\/ -->\n<title>Over ons - Dunique Marbella<\/title>\n<meta name=\"robots\" content=\"index, follow, max-snippet:-1, max-image-preview:large, max-video-preview:-1\" \/>\n<link rel=\"canonical\" href=\"https:\/\/marbella-dunes.com\/de\/uber-uns\/\" \/>\n<meta property=\"og:locale\" content=\"de_DE\" \/>\n<meta property=\"og:type\" content=\"article\" \/>\n<meta property=\"og:title\" content=\"Over ons - Dunique Marbella\" \/>\n<meta property=\"og:url\" content=\"https:\/\/marbella-dunes.com\/de\/uber-uns\/\" \/>\n<meta property=\"og:site_name\" content=\"Dunique Marbella\" \/>\n<meta property=\"article:modified_time\" content=\"2022-10-20T10:45:42+00:00\" \/>\n<meta name=\"twitter:card\" content=\"summary_large_image\" \/>\n<meta name=\"twitter:label1\" content=\"Gesch\u00e4tzte Lesezeit\" \/>\n\t<meta name=\"twitter:data1\" content=\"2\u00a0Minuten\" \/>\n<script type=\"application\/ld+json\" class=\"yoast-schema-graph\">{\"@context\":\"https:\/\/schema.org\",\"@graph\":[{\"@type\":\"WebPage\",\"@id\":\"https:\/\/marbella-dunes.com\/over-ons\/\",\"url\":\"https:\/\/marbella-dunes.com\/over-ons\/\",\"name\":\"Over ons - Dunique Marbella\",\"isPartOf\":{\"@id\":\"https:\/\/marbella-dunes.com\/#website\"},\"datePublished\":\"2022-10-20T09:18:52+00:00\",\"dateModified\":\"2022-10-20T10:45:42+00:00\",\"breadcrumb\":{\"@id\":\"https:\/\/marbella-dunes.com\/over-ons\/#breadcrumb\"},\"inLanguage\":\"de\",\"potentialAction\":[{\"@type\":\"ReadAction\",\"target\":[\"https:\/\/marbella-dunes.com\/over-ons\/\"]}]},{\"@type\":\"BreadcrumbList\",\"@id\":\"https:\/\/marbella-dunes.com\/over-ons\/#breadcrumb\",\"itemListElement\":[{\"@type\":\"ListItem\",\"position\":1,\"name\":\"Home\",\"item\":\"https:\/\/marbella-dunes.com\/\"},{\"@type\":\"ListItem\",\"position\":2,\"name\":\"Over ons\"}]},{\"@type\":\"WebSite\",\"@id\":\"https:\/\/marbella-dunes.com\/#website\",\"url\":\"https:\/\/marbella-dunes.com\/\",\"name\":\"Dunique Marbella\",\"description\":\"\",\"potentialAction\":[{\"@type\":\"SearchAction\",\"target\":{\"@type\":\"EntryPoint\",\"urlTemplate\":\"https:\/\/marbella-dunes.com\/?s={search_term_string}\"},\"query-input\":{\"@type\":\"PropertyValueSpecification\",\"valueRequired\":true,\"valueName\":\"search_term_string\"}}],\"inLanguage\":\"de\"}]}<\/script>\n<!-- \/ Yoast SEO plugin. -->","yoast_head_json":{"title":"\u00dcber uns - Dunique Marbella","robots":{"index":"index","follow":"follow","max-snippet":"max-snippet:-1","max-image-preview":"max-image-preview:large","max-video-preview":"max-video-preview:-1"},"canonical":"https:\/\/marbella-dunes.com\/de\/uber-uns\/","og_locale":"de_DE","og_type":"article","og_title":"Over ons - Dunique Marbella","og_url":"https:\/\/marbella-dunes.com\/de\/uber-uns\/","og_site_name":"Dunique Marbella","article_modified_time":"2022-10-20T10:45:42+00:00","twitter_card":"summary_large_image","twitter_misc":{"Gesch\u00e4tzte Lesezeit":"2\u00a0Minuten"},"schema":{"@context":"https:\/\/schema.org","@graph":[{"@type":"WebPage","@id":"https:\/\/marbella-dunes.com\/over-ons\/","url":"https:\/\/marbella-dunes.com\/over-ons\/","name":"\u00dcber uns - Dunique Marbella","isPartOf":{"@id":"https:\/\/marbella-dunes.com\/#website"},"datePublished":"2022-10-20T09:18:52+00:00","dateModified":"2022-10-20T10:45:42+00:00","breadcrumb":{"@id":"https:\/\/marbella-dunes.com\/over-ons\/#breadcrumb"},"inLanguage":"de","potentialAction":[{"@type":"ReadAction","target":["https:\/\/marbella-dunes.com\/over-ons\/"]}]},{"@type":"BreadcrumbList","@id":"https:\/\/marbella-dunes.com\/over-ons\/#breadcrumb","itemListElement":[{"@type":"ListItem","position":1,"name":"Home","item":"https:\/\/marbella-dunes.com\/"},{"@type":"ListItem","position":2,"name":"Over ons"}]},{"@type":"WebSite","@id":"https:\/\/marbella-dunes.com\/#website","url":"https:\/\/marbella-dunes.com\/","name":"Dunique Marbella","description":"","potentialAction":[{"@type":"SearchAction","target":{"@type":"EntryPoint","urlTemplate":"https:\/\/marbella-dunes.com\/?s={search_term_string}"},"query-input":{"@type":"PropertyValueSpecification","valueRequired":true,"valueName":"search_term_string"}}],"inLanguage":"de"}]}},"_links":{"self":[{"href":"https:\/\/marbella-dunes.com\/de\/wp-json\/wp\/v2\/pages\/4069","targetHints":{"allow":["GET"]}}],"collection":[{"href":"https:\/\/marbella-dunes.com\/de\/wp-json\/wp\/v2\/pages"}],"about":[{"href":"https:\/\/marbella-dunes.com\/de\/wp-json\/wp\/v2\/types\/page"}],"author":[{"embeddable":true,"href":"https:\/\/marbella-dunes.com\/de\/wp-json\/wp\/v2\/users\/1"}],"replies":[{"embeddable":true,"href":"https:\/\/marbella-dunes.com\/de\/wp-json\/wp\/v2\/comments?post=4069"}],"version-history":[{"count":15,"href":"https:\/\/marbella-dunes.com\/de\/wp-json\/wp\/v2\/pages\/4069\/revisions"}],"predecessor-version":[{"id":4104,"href":"https:\/\/marbella-dunes.com\/de\/wp-json\/wp\/v2\/pages\/4069\/revisions\/4104"}],"wp:attachment":[{"href":"https:\/\/marbella-dunes.com\/de\/wp-json\/wp\/v2\/media?parent=4069"}],"curies":[{"name":"wp","href":"https:\/\/api.w.org\/{rel}","templated":true}]}}