{"id":95,"date":"2022-01-27T10:58:29","date_gmt":"2022-01-27T10:58:29","guid":{"rendered":"http:\/\/cognito.mprinsdesign.nl\/?page_id=95"},"modified":"2024-01-12T16:48:18","modified_gmt":"2024-01-12T16:48:18","slug":"komplex","status":"publish","type":"page","link":"https:\/\/marbella-dunes.com\/cs\/komplex\/","title":{"rendered":"Dunique Marbella"},"content":{"rendered":"<section class=\"wpb-content-wrapper\"><div  class=\"content_row row page-content vc_row wpb_row  default-style fullwidth\" >\n\t\n\t<div class=\"content_row_wrapper  default\" >\n\t<div id=\"asdasd\" class=\"vc_col-sm-12 wpb_column vc_column_container\" >\n\t<div class=\"vc_column-inner\">\n\t\t<div class=\"wpb_wrapper\" >\n\t\t\t<div class=\"rt_heading_wrapper no-style\">\n\t\t\t\t\t\t<h1 class=\"rt_heading  no-style\"  style=\"font-size:24px;margin-top:24px;margin-bottom:0px;\">Dunique Marbella \u2013 <\/h1> \n\t\t\t\t\t<\/div><div class=\"vc_empty_space\"   style=\"height: 32px\"><span class=\"vc_empty_space_inner\"><\/span><\/div><div class=\"vc_separator wpb_content_element vc_separator_align_center vc_sep_width_100 vc_sep_style-4 vc_sep_pos_align_center vc_separator_no_text vc_sep_color_grey\" ><span class=\"vc_sep_holder vc_sep_holder_l\"><span class=\"vc_sep_line\"><\/span><\/span><span class=\"vc_sep_holder vc_sep_holder_r\"><span class=\"vc_sep_line\"><\/span><\/span>\n<\/div><div class=\"vc_empty_space\"   style=\"height: 32px\"><span class=\"vc_empty_space_inner\"><\/span><\/div>\n\t<div class=\"wpb_text_column wpb_content_element\" >\n\t\t<div class=\"wpb_wrapper\">\n\t\t\t<div class=\"\">\n<p><strong><em>Dunique Marbella\u00a0<\/em><\/strong><\/p>\n<p style=\"font-weight: 400;\">Komplex byl postaven podle avantgardn\u00ed architektury a dokon\u010den s materi\u00e1ly nejvy\u0161\u0161\u00ed kvality. Zde si m\u016f\u017eete u\u017e\u00edt n\u00e1dhern\u00e9 \u0161pan\u011blsk\u00e9 teploty v naprost\u00e9m luxusu. V zim\u011b se dr\u017e\u00ed kolem 16 \u00b0C a v l\u00e9t\u011b teploty stoupaj\u00ed k 25-30 \u00b0C, tak\u017ee nikdy nen\u00ed p\u0159\u00edli\u0161 chladno ani p\u0159\u00edli\u0161 horko!<\/p>\n<p style=\"font-weight: 400;\">Projekt se bude skl\u00e1dat z \u0159adov\u00fdch 3+1 vil a luxusn\u00edch 2 a 3+ byt\u016f a penthous\u016f. Ceny jsou od<strong> 1,8 milionu eur<\/strong> za \u0159adov\u00e9 domy a od 2 milion\u016f za luxusn\u00ed byty.<\/p>\n<p style=\"font-weight: 400;\">Projekt obsahuje: Social Club, nejmodern\u011bj\u0161\u00ed t\u011blocvi\u010dnu o rozloze 200 m\u00b2, m\u00edstnost na j\u00f3gu a meditaci, l\u00e1zn\u011b, plovouc\u00ed nekone\u010dn\u00fd baz\u00e9n, coworking, nab\u00edjec\u00ed stanici pro elektromobily v ka\u017ed\u00e9m dom\u011b, dva baz\u00e9ny, 24hodinovou ostrahu denn\u011b, Cejn energetick\u00e9 pr\u016fkazy a elektrick\u00e9 ko\u010d\u00e1rky.<\/p>\n<p style=\"font-weight: 400;\">V\u0161echny domy zahrnuj\u00ed; podlahov\u00e9 vyt\u00e1p\u011bn\u00ed, pln\u011b vybaven\u00e9 kuchyn\u011b a koupelny, 2 parkovac\u00ed st\u00e1n\u00ed a komora, nab\u00edjec\u00ed stanice pro elektromobily.<\/p>\n<p style=\"font-weight: 400;\">Posledn\u00ed nov\u00fd stavebn\u00ed komplex postaven\u00fd na pob\u0159e\u017e\u00ed Costa del Sol byl ve v\u00fdchodn\u00ed Estepon\u011b. Ceny t\u011bchto apartm\u00e1n\u016f p\u0159\u00edmo na pl\u00e1\u017ei za\u010d\u00ednaly na 2,3 milionu eur na za\u010d\u00e1tku stavby p\u0159ed zhruba 5 lety a po dokon\u010den\u00ed se posledn\u00ed jednotky prod\u00e1valy za zhruba 3,1 milionu eur. O\u010dek\u00e1v\u00e1me podobn\u00e9 zv\u00fd\u0161en\u00ed cen na pl\u00e1\u017ei Marbella vzhledem k jedine\u010dn\u00e9 poloze pl\u00e1\u017ee v Marbelle.<\/p>\n<p style=\"font-weight: 400;\"><strong>Dvojdomy<\/strong><br \/>\n\u0158adov\u00e9 domy s vlastn\u00edm baz\u00e9nem se nach\u00e1zej\u00ed ve f\u00e1z\u00edch A3 a A4 a tyto domy budou m\u00edt obytnou plochu 412 a\u017e 641 m\u00b2 s terasami 180 a\u017e 289 m\u00b2 a zahradou 76 a\u017e 139 m\u00b2. V\u0161echny tyto vily maj\u00ed suter\u00e9n s p\u0159irozen\u00fdm denn\u00edm sv\u011btlem. Jihoz\u00e1padn\u00ed orientace s cenami od 2 950 000 milion\u016f eur.<\/p>\n<p style=\"font-weight: 400;\"><strong>Luxusn\u00ed apartm\u00e1ny<\/strong><br \/>\nLuxusn\u00ed 2 a 3pokojov\u00e9 byty a penthousy se nach\u00e1zej\u00ed ve f\u00e1z\u00edch B2, B3 a B4 a budou postaveny mezi 300 a 516 m2 s terasami mezi 197 a 277 m2. Jihov\u00fdchodn\u00ed orientace s cenami od 2 625 000 milion\u016f eur.<\/p>\n<p><strong>Ceny leden 2024<\/strong><\/p>\n<p><em>Apartm\u00e1ny &amp; Penthouses Dunique Marbella<\/em><\/p>\n<ul>\n<li>3 lo\u017enice<\/li>\n<li>2 nebo 3 koupelny<\/li>\n<li>plocha od 204 m3 do 293 m2<\/li>\n<li>cenov\u00e9 rozp\u011bt\u00ed od 2 625 000 EUR do 4 830 000 EUR<\/li>\n<\/ul>\n<p><em>Propojen\u00e9 vily Dunique Marbella<\/em><\/p>\n<ul>\n<li>3 nebo 4 lo\u017enice<\/li>\n<li>3 nebo 4 koupelny<\/li>\n<li>plocha od 317 m3 do 335 m2<\/li>\n<li>cenov\u00e9 rozp\u011bt\u00ed od \u20ac 2,950,000 do \u20ac 3,565,00<\/li>\n<\/ul>\n<p><a href=\"https:\/\/marbella-dunes.com\/cs\/meer-info\/\"><strong>Vy\u017e\u00e1dejte si bro\u017euru s aktu\u00e1ln\u00edm cen\u00edkem &gt;&gt;&gt;<\/strong><\/a><\/p>\n<p style=\"font-weight: 400;\"><strong>\u017eivotn\u00ed prost\u0159ed\u00ed<\/strong><br \/>\nDunique Marbella je kr\u00e1sn\u00fd a jedine\u010dn\u00fd nov\u011b postaven\u00fd komplex na pl\u00e1\u017ei nedaleko Marbelly. Na pl\u00e1\u017eov\u00e9 stran\u011b Marbella East byl posledn\u00ed komplex postaven v roce 2000 a od t\u00e9 doby nebyl kv\u016fli nedostatku m\u00edsta postaven \u017e\u00e1dn\u00fd dal\u0161\u00ed nov\u00fd komplex. Pl\u00e1\u017e East Marbella je jednou z nejkr\u00e1sn\u011bj\u0161\u00edch p\u00edse\u010dn\u00fdch pl\u00e1\u017e\u00ed v Marbelle s mnoha \u00fatuln\u00fdmi pl\u00e1\u017eov\u00fdmi restauracemi, jako je Beach House v Elvirii a \u0159adou 5hv\u011bzdi\u010dkov\u00fdch hotel\u016f, jako jsou Don Carlos Hotel a Los Monteros Hotel. Zkr\u00e1tka top um\u00edst\u011bn\u00ed.<\/p>\n<p style=\"font-weight: 400;\">Nach\u00e1z\u00ed se vedle Marbelly v kr\u00e1sn\u00e9 krajin\u011b dun, ale to nen\u00ed v\u0161e! V okol\u00ed jsou tak\u00e9 dva n\u00e1rodn\u00ed parky, kde si m\u016f\u017eete u\u017e\u00edt p\u0159\u00edrodu. Po t\u00e9to relaxa\u010dn\u00ed proch\u00e1zce si m\u016f\u017eete vychutnat lahodn\u00e9 j\u00eddlo. V okol\u00ed a v Marbelle je spousta mo\u017enost\u00ed stravov\u00e1n\u00ed. I kdy\u017e se v\u00e1m po tomhle nechce j\u00edt dom\u016f, v Marbelle je spousta pr\u00e1ce.<\/p>\n<\/div>\n\n\t\t<\/div>\n\t<\/div>\n\n\t\t<\/div>\n\t<\/div>\n\t<\/div>\n\n<\/div>\n<\/div>\n\n<div  class=\"content_row row quote-row vc_row wpb_row  default-style fullwidth\" style=\"background-color: #fcfcfc;\">\n\t\n\t<div class=\"content_row_wrapper  fullwidth\" >\n\t<div id=\"asdasd\" class=\"vc_col-sm-12 wpb_column vc_column_container vc_custom_1644925648982\" >\n\t<div class=\"vc_column-inner\">\n\t\t<div class=\"wpb_wrapper\" >\n\t\t\t<div class=\"rt_heading_wrapper style-3\">\n\t\t\t\t\t\t<h4 class=\"rt_heading serif quote-max-width style-3\" >Virtu\u00e1ln\u00ed prohl\u00eddky si tak\u00e9 prohl\u00e9dn\u011bte pomoc\u00ed n\u00ed\u017ee uveden\u00fdch tla\u010d\u00edtek<\/h4> \n\t\t\t\t\t<\/div>\n<div  class=\"content_row row vc_row vc_inner vc_row-fluid global-style fullwidth\" >\n\t\n\t<div class=\"content_row_wrapper  default\" ><div class=\"vc_col-sm-6 wpb_column vc_column_container\" >\n\t<div class=\"vc_column-inner\" style=\"padding-top:12px;padding-bottom:12px;padding-left:12px;padding-right:12px;\">\n\t\t<div class=\"wpb_wrapper\" >\n\t\t\t<div class=\"button_wrapper aligncenter\"><a  href=\"\/cs\/dunique-marbella-villa-virtualni-prohlidka\/\" target=\"_self\" title=\"Virtu\u00e1ln\u00ed prohl\u00eddka vily\" class=\"button_ virtual-tour-button style-2 small\">Virtu\u00e1ln\u00ed prohl\u00eddka<br \/>\nVila<\/a><\/div>\n\n\t\t<\/div>\n\t<\/div>\n\t<\/div>\n\n\t<div class=\"vc_col-sm-6 wpb_column vc_column_container\" >\n\t<div class=\"vc_column-inner\" style=\"padding-top:12px;padding-bottom:12px;padding-left:12px;padding-right:12px;\">\n\t\t<div class=\"wpb_wrapper\" >\n\t\t\t<div class=\"button_wrapper aligncenter\"><a  href=\"\/cs\/dunique-marbella-penthous-suite-virtualni-prohlidka\/\" target=\"_self\" title=\"Virtu\u00e1ln\u00ed prohl\u00eddka Penthouse\" class=\"button_ virtual-tour-button style-2 small\">Virtu\u00e1ln\u00ed prohl\u00eddka<br \/>\nP\u0159\u00edst\u0159e\u0161ek<\/a><\/div>\n\n\t\t<\/div>\n\t<\/div>\n\t<\/div>\n\n\t<div class=\"vc_col-sm-12 wpb_column vc_column_container\" >\n\t<div class=\"vc_column-inner\">\n\t\t<div class=\"wpb_wrapper\" >\n\t\t\t\n\t<div class=\"wpb_raw_code wpb_content_element wpb_raw_html\" >\n\t\t<div class=\"wpb_wrapper\">\n\t\t\t<style>\n  .virtual-tour-button {\n    text-align: center; \n  }\n<\/style>\n\t\t<\/div>\n\t<\/div>\n\n\n\t\t<\/div>\n\t<\/div>\n\t<\/div>\n<\/div>\n<\/div>\n\n\t\t<\/div>\n\t<\/div>\n\t<\/div>\n\n<\/div>\n<\/div>\n\n<div  class=\"content_row row page-content vc_row wpb_row  default-style fullwidth\" style=\"background-color: #bbac8c;\">\n\t\n\t<div class=\"content_row_wrapper  default\" >\n\t<div id=\"asdasd\" class=\"vc_col-sm-12 wpb_column vc_column_container\" >\n\t<div class=\"vc_column-inner\">\n\t\t<div class=\"wpb_wrapper\" >\n\t\t\t<div class=\"rt_heading_wrapper no-style\">\n\t\t\t\t\t\t<h1 class=\"rt_heading  no-style\"  style=\"font-size:24px;margin-top:24px;margin-bottom:0px;\">Funkce - <span class=\"after_h1 white\">Dunique Marbella<\/span><\/h1> \n\t\t\t\t\t<\/div><div class=\"vc_empty_space\"   style=\"height: 32px\"><span class=\"vc_empty_space_inner\"><\/span><\/div><div class=\"vc_separator wpb_content_element vc_separator_align_center vc_sep_width_100 vc_sep_style-4 vc_sep_pos_align_center vc_separator_no_text vc_sep_color_grey\" ><span class=\"vc_sep_holder vc_sep_holder_l\"><span class=\"vc_sep_line\"><\/span><\/span><span class=\"vc_sep_holder vc_sep_holder_r\"><span class=\"vc_sep_line\"><\/span><\/span>\n<\/div>\n\t<div class=\"wpb_text_column wpb_content_element\" >\n\t\t<div class=\"wpb_wrapper\">\n\t\t\t\t \n\t\t<div  class=\"bullet-list style-1  check\">\n\t\t<ul>\n<li>luxusn\u00ed apartm\u00e1ny a penthousy<\/li>\n<li>2 a 3 lo\u017enice<\/li>\n<li>na pl\u00e1\u017ei v Marbelle<\/li>\n<li>povrchov\u00e1 \u00faprava vysoce kvalitn\u00edmi materi\u00e1ly<\/li>\n<li>Spole\u010densk\u00fd klub, um\u011bleck\u00e1 t\u011blocvi\u010dna, baz\u00e9n na j\u00f3gu, coworkingov\u00e1 z\u00f3na<\/li>\n<li>ceny od 2 950 000 \u20ac<\/li>\n<\/ul>\n\n\t\t<\/div>\n\t\n\n\t\t<\/div>\n\t<\/div>\n\n\t\t<\/div>\n\t<\/div>\n\t<\/div>\n\n<\/div>\n<\/div>\n\n<div  class=\"content_row row vc_row wpb_row  default-style fullwidth\" >\n\t\n\t<div class=\"content_row_wrapper  default\" >\n\t<div id=\"asdasd\" class=\"vc_col-sm-12 wpb_column vc_column_container\" >\n\t<div class=\"vc_column-inner\">\n\t\t<div class=\"wpb_wrapper\" >\n\t\t\t<div class=\"vc_empty_space\"   style=\"height: 32px\"><span class=\"vc_empty_space_inner\"><\/span><\/div>\n\t\t<\/div>\n\t<\/div>\n\t<\/div>\n\n<\/div>\n<\/div>\n<\/section>","protected":false},"excerpt":{"rendered":"<p>\u2026 <a class=\"more-link\" href=\"https:\/\/marbella-dunes.com\/cs\/komplex\/\">pokra\u010dovat ve \u010dten\u00ed<\/a><\/p>","protected":false},"author":1,"featured_media":4310,"parent":0,"menu_order":3,"comment_status":"closed","ping_status":"closed","template":"","meta":{"footnotes":""},"class_list":["post-95","page","type-page","status-publish","has-post-thumbnail","hentry"],"yoast_head":"<!-- This site is optimized with the Yoast SEO plugin v27.6 - https:\/\/yoast.com\/product\/yoast-seo-wordpress\/ -->\n<title>Dunique Marbella - Dunique Marbella<\/title>\n<meta name=\"robots\" content=\"index, follow, max-snippet:-1, max-image-preview:large, max-video-preview:-1\" \/>\n<link rel=\"canonical\" href=\"https:\/\/marbella-dunes.com\/cs\/komplex\/\" \/>\n<meta property=\"og:locale\" content=\"cs_CZ\" \/>\n<meta property=\"og:type\" content=\"article\" \/>\n<meta property=\"og:title\" content=\"Dunique Marbella - Dunique Marbella\" \/>\n<meta property=\"og:url\" content=\"https:\/\/marbella-dunes.com\/cs\/komplex\/\" \/>\n<meta property=\"og:site_name\" content=\"Dunique Marbella\" \/>\n<meta property=\"article:modified_time\" content=\"2024-01-12T16:48:18+00:00\" \/>\n<meta property=\"og:image\" content=\"https:\/\/marbella-dunes.com\/wp-content\/uploads\/sites\/34\/2024\/01\/penthouses-gardenapartments-El-Barronal_CAMARA15_HD-1-1-1-1.jpg\" \/>\n\t<meta property=\"og:image:width\" content=\"1885\" \/>\n\t<meta property=\"og:image:height\" content=\"943\" \/>\n\t<meta property=\"og:image:type\" content=\"image\/jpeg\" \/>\n<meta name=\"twitter:card\" content=\"summary_large_image\" \/>\n<meta name=\"twitter:label1\" content=\"Odhadovan\u00e1 doba \u010dten\u00ed\" \/>\n\t<meta name=\"twitter:data1\" content=\"5 minut\" \/>\n<script type=\"application\/ld+json\" class=\"yoast-schema-graph\">{\"@context\":\"https:\\\/\\\/schema.org\",\"@graph\":[{\"@type\":\"WebPage\",\"@id\":\"https:\\\/\\\/marbella-dunes.com\\\/het-complex\\\/\",\"url\":\"https:\\\/\\\/marbella-dunes.com\\\/het-complex\\\/\",\"name\":\"Dunique Marbella - Dunique Marbella\",\"isPartOf\":{\"@id\":\"https:\\\/\\\/marbella-dunes.com\\\/#website\"},\"primaryImageOfPage\":{\"@id\":\"https:\\\/\\\/marbella-dunes.com\\\/het-complex\\\/#primaryimage\"},\"image\":{\"@id\":\"https:\\\/\\\/marbella-dunes.com\\\/het-complex\\\/#primaryimage\"},\"thumbnailUrl\":\"https:\\\/\\\/marbella-dunes.com\\\/wp-content\\\/uploads\\\/sites\\\/34\\\/2024\\\/01\\\/penthouses-gardenapartments-El-Barronal_CAMARA15_HD-1-1-1-1.jpg\",\"datePublished\":\"2022-01-27T10:58:29+00:00\",\"dateModified\":\"2024-01-12T16:48:18+00:00\",\"breadcrumb\":{\"@id\":\"https:\\\/\\\/marbella-dunes.com\\\/het-complex\\\/#breadcrumb\"},\"inLanguage\":\"cs\",\"potentialAction\":[{\"@type\":\"ReadAction\",\"target\":[\"https:\\\/\\\/marbella-dunes.com\\\/het-complex\\\/\"]}]},{\"@type\":\"ImageObject\",\"inLanguage\":\"cs\",\"@id\":\"https:\\\/\\\/marbella-dunes.com\\\/het-complex\\\/#primaryimage\",\"url\":\"https:\\\/\\\/marbella-dunes.com\\\/wp-content\\\/uploads\\\/sites\\\/34\\\/2024\\\/01\\\/penthouses-gardenapartments-El-Barronal_CAMARA15_HD-1-1-1-1.jpg\",\"contentUrl\":\"https:\\\/\\\/marbella-dunes.com\\\/wp-content\\\/uploads\\\/sites\\\/34\\\/2024\\\/01\\\/penthouses-gardenapartments-El-Barronal_CAMARA15_HD-1-1-1-1.jpg\",\"width\":1885,\"height\":943},{\"@type\":\"BreadcrumbList\",\"@id\":\"https:\\\/\\\/marbella-dunes.com\\\/het-complex\\\/#breadcrumb\",\"itemListElement\":[{\"@type\":\"ListItem\",\"position\":1,\"name\":\"Home\",\"item\":\"https:\\\/\\\/marbella-dunes.com\\\/\"},{\"@type\":\"ListItem\",\"position\":2,\"name\":\"Dunique Marbella\"}]},{\"@type\":\"WebSite\",\"@id\":\"https:\\\/\\\/marbella-dunes.com\\\/#website\",\"url\":\"https:\\\/\\\/marbella-dunes.com\\\/\",\"name\":\"Dunique Marbella\",\"description\":\"\",\"potentialAction\":[{\"@type\":\"SearchAction\",\"target\":{\"@type\":\"EntryPoint\",\"urlTemplate\":\"https:\\\/\\\/marbella-dunes.com\\\/?s={search_term_string}\"},\"query-input\":{\"@type\":\"PropertyValueSpecification\",\"valueRequired\":true,\"valueName\":\"search_term_string\"}}],\"inLanguage\":\"cs\"}]}<\/script>\n<!-- \/ Yoast SEO plugin. -->","yoast_head_json":{"title":"Dunique Marbella - Dunique Marbella","robots":{"index":"index","follow":"follow","max-snippet":"max-snippet:-1","max-image-preview":"max-image-preview:large","max-video-preview":"max-video-preview:-1"},"canonical":"https:\/\/marbella-dunes.com\/cs\/komplex\/","og_locale":"cs_CZ","og_type":"article","og_title":"Dunique Marbella - Dunique Marbella","og_url":"https:\/\/marbella-dunes.com\/cs\/komplex\/","og_site_name":"Dunique Marbella","article_modified_time":"2024-01-12T16:48:18+00:00","og_image":[{"width":1885,"height":943,"url":"https:\/\/marbella-dunes.com\/wp-content\/uploads\/sites\/34\/2024\/01\/penthouses-gardenapartments-El-Barronal_CAMARA15_HD-1-1-1-1.jpg","type":"image\/jpeg"}],"twitter_card":"summary_large_image","twitter_misc":{"Odhadovan\u00e1 doba \u010dten\u00ed":"5 minut"},"schema":{"@context":"https:\/\/schema.org","@graph":[{"@type":"WebPage","@id":"https:\/\/marbella-dunes.com\/het-complex\/","url":"https:\/\/marbella-dunes.com\/het-complex\/","name":"Dunique Marbella - Dunique Marbella","isPartOf":{"@id":"https:\/\/marbella-dunes.com\/#website"},"primaryImageOfPage":{"@id":"https:\/\/marbella-dunes.com\/het-complex\/#primaryimage"},"image":{"@id":"https:\/\/marbella-dunes.com\/het-complex\/#primaryimage"},"thumbnailUrl":"https:\/\/marbella-dunes.com\/wp-content\/uploads\/sites\/34\/2024\/01\/penthouses-gardenapartments-El-Barronal_CAMARA15_HD-1-1-1-1.jpg","datePublished":"2022-01-27T10:58:29+00:00","dateModified":"2024-01-12T16:48:18+00:00","breadcrumb":{"@id":"https:\/\/marbella-dunes.com\/het-complex\/#breadcrumb"},"inLanguage":"cs","potentialAction":[{"@type":"ReadAction","target":["https:\/\/marbella-dunes.com\/het-complex\/"]}]},{"@type":"ImageObject","inLanguage":"cs","@id":"https:\/\/marbella-dunes.com\/het-complex\/#primaryimage","url":"https:\/\/marbella-dunes.com\/wp-content\/uploads\/sites\/34\/2024\/01\/penthouses-gardenapartments-El-Barronal_CAMARA15_HD-1-1-1-1.jpg","contentUrl":"https:\/\/marbella-dunes.com\/wp-content\/uploads\/sites\/34\/2024\/01\/penthouses-gardenapartments-El-Barronal_CAMARA15_HD-1-1-1-1.jpg","width":1885,"height":943},{"@type":"BreadcrumbList","@id":"https:\/\/marbella-dunes.com\/het-complex\/#breadcrumb","itemListElement":[{"@type":"ListItem","position":1,"name":"Home","item":"https:\/\/marbella-dunes.com\/"},{"@type":"ListItem","position":2,"name":"Dunique Marbella"}]},{"@type":"WebSite","@id":"https:\/\/marbella-dunes.com\/#website","url":"https:\/\/marbella-dunes.com\/","name":"Dunique Marbella","description":"","potentialAction":[{"@type":"SearchAction","target":{"@type":"EntryPoint","urlTemplate":"https:\/\/marbella-dunes.com\/?s={search_term_string}"},"query-input":{"@type":"PropertyValueSpecification","valueRequired":true,"valueName":"search_term_string"}}],"inLanguage":"cs"}]}},"_links":{"self":[{"href":"https:\/\/marbella-dunes.com\/cs\/wp-json\/wp\/v2\/pages\/95","targetHints":{"allow":["GET"]}}],"collection":[{"href":"https:\/\/marbella-dunes.com\/cs\/wp-json\/wp\/v2\/pages"}],"about":[{"href":"https:\/\/marbella-dunes.com\/cs\/wp-json\/wp\/v2\/types\/page"}],"author":[{"embeddable":true,"href":"https:\/\/marbella-dunes.com\/cs\/wp-json\/wp\/v2\/users\/1"}],"replies":[{"embeddable":true,"href":"https:\/\/marbella-dunes.com\/cs\/wp-json\/wp\/v2\/comments?post=95"}],"version-history":[{"count":81,"href":"https:\/\/marbella-dunes.com\/cs\/wp-json\/wp\/v2\/pages\/95\/revisions"}],"predecessor-version":[{"id":4364,"href":"https:\/\/marbella-dunes.com\/cs\/wp-json\/wp\/v2\/pages\/95\/revisions\/4364"}],"wp:featuredmedia":[{"embeddable":true,"href":"https:\/\/marbella-dunes.com\/cs\/wp-json\/wp\/v2\/media\/4310"}],"wp:attachment":[{"href":"https:\/\/marbella-dunes.com\/cs\/wp-json\/wp\/v2\/media?parent=95"}],"curies":[{"name":"wp","href":"https:\/\/api.w.org\/{rel}","templated":true}]}}